{"id":277,"date":"2025-09-05T08:23:43","date_gmt":"2025-09-05T06:23:43","guid":{"rendered":"https:\/\/dev.xn--brandengrabenmhle-g3b.de\/?page_id=277"},"modified":"2025-11-04T21:14:23","modified_gmt":"2025-11-04T20:14:23","slug":"impressum","status":"publish","type":"page","link":"https:\/\/brandengrabenmuehle.de\/index.php\/impressum\/","title":{"rendered":"Impressum"},"content":{"rendered":"\n<h2 class=\"wp-block-heading has-text-align-center has-text-color has-link-color wp-elements-4785549f995603e12f8f6e96e6886427\" style=\"color:#e19639\">&#8222;Freundeskreis <strong>Brandengrabenm\u00fchle<\/strong> e.V.&#8220;<\/h2>\n\n\n\n<p class=\"has-text-align-center has-white-color has-text-color has-link-color wp-elements-e6d86c9169be3f8972c1f6e5c7a91a6e\"><strong>Brandengrabenm\u00fchle 0<br>56332 Brodenbach<\/strong><br>1.Vorsitzender: <strong>J\u00fcrgen Hertrich<br><\/strong><\/p>\n\n\n\n<p class=\"has-text-align-center has-white-color has-text-color has-link-color wp-elements-bf4e1289287fa810aa8bffaaec8a4df9\"><strong>Eingetragen im Vereinsregister:<\/strong><br>Registergericht: Amtsgericht Koblenz<br>Registernummer: VR 21970<\/p>\n\n\n\n<p class=\"has-text-align-center has-white-color has-text-color has-link-color wp-elements-0dc50c61b1afe883d5313d2514d1bace\"><strong>Kontoinhaber: Freundeskreis <\/strong><br><strong>BIC: GENODED1BNA<br>IBAN: DE 07 5776 1591 1732 4870 00<br>Verwendungszweck: &#8222;Wohlwollen<\/strong>&#8222;<br><br><\/p>\n\n\n\n<p class=\"has-text-align-center has-text-color has-link-color has-x-large-font-size wp-elements-f4aa94cca6a7f55c719ebc68334d768a\" style=\"color:#fbeb58\"><strong>Kontakt<\/strong><\/p>\n\n\n\n<p class=\"has-text-align-center has-white-color has-text-color has-link-color has-large-font-size wp-elements-6e8c7fde744a5f828b9b484d9f491d8e\"><strong>Telefon +49(0)26 05 \/ 84 72 959<br><a href=\"mailto:kontakt@bgm-ev.de\">kontakt@bgm-ev.de<\/a><\/strong><\/p>\n\n\n\n<p><\/p>\n\n\n\n<h2 class=\"wp-block-heading has-text-align-center has-text-color has-link-color wp-elements-805e398e1ab0d4ed70bff69812e09b8c\" style=\"color:#fbeb58\"><strong>Disclaimer<\/strong><\/h2>\n\n\n\n<p class=\"has-text-align-center has-white-color has-text-color has-link-color wp-elements-e697d0958159d2c1769302f59438e286\"><strong>Haftung f\u00fcr Inhalte<\/strong><\/p>\n\n\n\n<p class=\"has-white-color has-text-color has-link-color wp-elements-2a3722d8114864bffe82ef2d88303dd5\">Die Inhalte unserer Seiten wurden mit gr\u00f6\u00dfter Sorgfalt erstellt. F\u00fcr die Richtigkeit, Vollst\u00e4ndigkeit und Aktualit\u00e4t der Inhalte k\u00f6nnen wir jedoch keine Gew\u00e4hr \u00fcbernehmen.<\/p>\n\n\n\n<p class=\"has-white-color has-text-color has-link-color wp-elements-425f120afe7b68cc20b0f50667fa753b\">Als Diensteanbieter sind wir gem\u00e4\u00df \u00a7 7 Abs.1 TMG f\u00fcr eigene Inhalte auf diesen Seiten nach den allgemeinen Gesetzen verantwortlich. Nach \u00a7\u00a7 8 bis 10 TMG sind wir als Diensteanbieter jedoch nicht verpflichtet, \u00fcbermittelte oder gespeicherte fremde Informationen zu \u00fcberwachen oder nach Umst\u00e4nden zu forschen, die auf eine rechtswidrige T\u00e4tigkeit hinweisen. Verpflichtungen zur Entfernung oder Sperrung der Nutzung von Informationen nach den allgemeinen Gesetzen bleiben hiervon unber\u00fchrt. Eine diesbez\u00fcgliche Haftung ist jedoch erst ab dem Zeitpunkt der Kenntnis einer konkreten Rechtsverletzung m\u00f6glich. Bei bekannt werden von entsprechenden Rechtsverletzungen werden wir diese Inhalte umgehend entfernen.<\/p>\n\n\n\n<p class=\"has-text-align-center has-white-color has-text-color has-link-color wp-elements-7175251c6e77e003b1fb51ccb5807ec9\"><strong>Haftung f\u00fcr Links<\/strong><\/p>\n\n\n\n<p class=\"has-white-color has-text-color has-link-color wp-elements-eb50cf3d5d1f233aa408ef2b2d120a59\">Unser Angebot enth\u00e4lt Links zu externen Webseiten Dritter, auf deren Inhalte wir keinen Einfluss haben. Deshalb k\u00f6nnen wir f\u00fcr diese fremden Inhalte auch keine Gew\u00e4hr \u00fcbernehmen. F\u00fcr die Inhalte der verlinkten Seiten ist stets der jeweilige Anbieter oder Betreiber der Seiten verantwortlich. Die verlinkten Seiten wurden zum Zeitpunkt der Verlinkung auf m\u00f6gliche Rechtsverst\u00f6\u00dfe \u00fcberpr\u00fcft. Rechtswidrige Inhalte waren zum Zeitpunkt der Verlinkung nicht erkennbar. Eine permanente inhaltliche Kontrolle der verlinkten Seiten ist jedoch ohne konkrete Anhaltspunkte einer Rechtsverletzung nicht zumutbar. Bei bekannt werden von Rechtsverletzungen werden wir derartige Links umgehend entfernen.<\/p>\n\n\n\n<p class=\"has-text-align-center has-white-color has-text-color has-link-color wp-elements-6c6bcdd14cd29e0236b864793de29b1c\"><strong>Urheberrecht<\/strong><\/p>\n\n\n\n<p class=\"has-white-color has-text-color has-link-color wp-elements-c3a879dad096f5681dcc0efa935cd035\">Die durch die Seitenbetreiber erstellten Inhalte und Werke auf diesen Seiten unterliegen dem deutschen Urheberrecht. Beitr\u00e4ge Dritter sind als solche gekennzeichnet. Die Vervielf\u00e4ltigung, Bearbeitung, Verbreitung und jede Art der Verwertung au\u00dferhalb der Grenzen des Urheberrechtes bed\u00fcrfen der schriftlichen Zustimmung des jeweiligen Autors bzw. Erstellers. Downloads und Kopien dieser Seite sind nur f\u00fcr den privaten, nicht kommerziellen Gebrauch gestattet.<\/p>\n\n\n\n<p class=\"has-white-color has-text-color has-link-color wp-elements-a6d7e09fb9ff16366ff98baa538ede1b\">Die Betreiber der Seiten sind bem\u00fcht, stets die Urheberrechte anderer zu beachten bzw. auf selbst erstellte sowie lizenzfreie Werke zur\u00fcckzugreifen.<\/p>\n\n\n\n<div class=\"wp-block-buttons is-content-justification-center is-layout-flex wp-container-core-buttons-is-layout-a89b3969 wp-block-buttons-is-layout-flex\">\n<div class=\"wp-block-button\"><a class=\"wp-block-button__link has-background has-border-color wp-element-button\" href=\"\/\" style=\"border-color:#446f45;border-width:2px;background-color:#57a58b\">Startseite<\/a><\/div>\n\n\n\n<div class=\"wp-block-button\"><a class=\"wp-block-button__link has-background has-border-color wp-element-button\" href=\"\/index.php\/datenschutz\" style=\"border-color:#446f45;border-width:2px;background-color:#57a58b\">weiter zur&#8230; Datenschutzerkl\u00e4rung<\/a><\/div>\n<\/div>\n","protected":false},"excerpt":{"rendered":"<p>&#8222;Freundeskreis Brandengrabenm\u00fchle e.V.&#8220; Brandengrabenm\u00fchle 056332 Brodenbach1.Vorsitzender: J\u00fcrgen Hertrich Eingetragen im Vereinsregister:Registergericht: Amtsgericht KoblenzRegisternummer: VR 21970 Kontoinhaber: Freundeskreis BIC: GENODED1BNAIBAN: DE 07 5776 1591 1732 4870 00Verwendungszweck: &#8222;Wohlwollen&#8222; Kontakt Telefon +49(0)26 05 \/ 84 72 959kontakt@bgm-ev.de Disclaimer Haftung f\u00fcr Inhalte Die Inhalte unserer Seiten wurden mit gr\u00f6\u00dfter Sorgfalt erstellt. F\u00fcr die Richtigkeit, Vollst\u00e4ndigkeit und Aktualit\u00e4t der [&hellip;]<\/p>\n","protected":false},"author":1,"featured_media":78,"parent":0,"menu_order":0,"comment_status":"closed","ping_status":"closed","template":"","meta":{"pgc_sgb_lightbox_settings":"","footnotes":""},"class_list":["post-277","page","type-page","status-publish","has-post-thumbnail","hentry"],"yoast_head":"<!-- This site is optimized with the Yoast SEO plugin v27.3 - https:\/\/yoast.com\/product\/yoast-seo-wordpress\/ -->\n<title>Impressum - Die Brandengrabenm\u00fchle<\/title>\n<meta name=\"robots\" content=\"noindex, follow\" \/>\n<meta property=\"og:locale\" content=\"de_DE\" \/>\n<meta property=\"og:type\" content=\"article\" \/>\n<meta property=\"og:title\" content=\"Impressum - Die Brandengrabenm\u00fchle\" \/>\n<meta property=\"og:description\" content=\"&#8222;Freundeskreis Brandengrabenm\u00fchle e.V.&#8220; Brandengrabenm\u00fchle 056332 Brodenbach1.Vorsitzender: J\u00fcrgen Hertrich Eingetragen im Vereinsregister:Registergericht: Amtsgericht KoblenzRegisternummer: VR 21970 Kontoinhaber: Freundeskreis BIC: GENODED1BNAIBAN: DE 07 5776 1591 1732 4870 00Verwendungszweck: &#8222;Wohlwollen&#8222; Kontakt Telefon +49(0)26 05 \/ 84 72 959kontakt@bgm-ev.de Disclaimer Haftung f\u00fcr Inhalte Die Inhalte unserer Seiten wurden mit gr\u00f6\u00dfter Sorgfalt erstellt. F\u00fcr die Richtigkeit, Vollst\u00e4ndigkeit und Aktualit\u00e4t der [&hellip;]\" \/>\n<meta property=\"og:url\" content=\"https:\/\/brandengrabenmuehle.de\/index.php\/impressum\/\" \/>\n<meta property=\"og:site_name\" content=\"Die Brandengrabenm\u00fchle\" \/>\n<meta property=\"article:modified_time\" content=\"2025-11-04T20:14:23+00:00\" \/>\n<meta property=\"og:image\" content=\"https:\/\/brandengrabenmuehle.de\/wp-content\/uploads\/2025\/09\/20230729_090045.jpg\" \/>\n\t<meta property=\"og:image:width\" content=\"1903\" \/>\n\t<meta property=\"og:image:height\" content=\"889\" \/>\n\t<meta property=\"og:image:type\" content=\"image\/jpeg\" \/>\n<meta name=\"twitter:card\" content=\"summary_large_image\" \/>\n<meta name=\"twitter:label1\" content=\"Gesch\u00e4tzte Lesezeit\" \/>\n\t<meta name=\"twitter:data1\" content=\"3\u00a0Minuten\" \/>\n<script type=\"application\/ld+json\" class=\"yoast-schema-graph\">{\"@context\":\"https:\\\/\\\/schema.org\",\"@graph\":[{\"@type\":\"WebPage\",\"@id\":\"https:\\\/\\\/brandengrabenmuehle.de\\\/index.php\\\/impressum\\\/\",\"url\":\"https:\\\/\\\/brandengrabenmuehle.de\\\/index.php\\\/impressum\\\/\",\"name\":\"Impressum - Die Brandengrabenm\u00fchle\",\"isPartOf\":{\"@id\":\"https:\\\/\\\/brandengrabenmuehle.de\\\/#website\"},\"primaryImageOfPage\":{\"@id\":\"https:\\\/\\\/brandengrabenmuehle.de\\\/index.php\\\/impressum\\\/#primaryimage\"},\"image\":{\"@id\":\"https:\\\/\\\/brandengrabenmuehle.de\\\/index.php\\\/impressum\\\/#primaryimage\"},\"thumbnailUrl\":\"https:\\\/\\\/brandengrabenmuehle.de\\\/wp-content\\\/uploads\\\/2025\\\/09\\\/20230729_090045.jpg\",\"datePublished\":\"2025-09-05T06:23:43+00:00\",\"dateModified\":\"2025-11-04T20:14:23+00:00\",\"breadcrumb\":{\"@id\":\"https:\\\/\\\/brandengrabenmuehle.de\\\/index.php\\\/impressum\\\/#breadcrumb\"},\"inLanguage\":\"de\",\"potentialAction\":[{\"@type\":\"ReadAction\",\"target\":[\"https:\\\/\\\/brandengrabenmuehle.de\\\/index.php\\\/impressum\\\/\"]}]},{\"@type\":\"ImageObject\",\"inLanguage\":\"de\",\"@id\":\"https:\\\/\\\/brandengrabenmuehle.de\\\/index.php\\\/impressum\\\/#primaryimage\",\"url\":\"https:\\\/\\\/brandengrabenmuehle.de\\\/wp-content\\\/uploads\\\/2025\\\/09\\\/20230729_090045.jpg\",\"contentUrl\":\"https:\\\/\\\/brandengrabenmuehle.de\\\/wp-content\\\/uploads\\\/2025\\\/09\\\/20230729_090045.jpg\",\"width\":1903,\"height\":889},{\"@type\":\"BreadcrumbList\",\"@id\":\"https:\\\/\\\/brandengrabenmuehle.de\\\/index.php\\\/impressum\\\/#breadcrumb\",\"itemListElement\":[{\"@type\":\"ListItem\",\"position\":1,\"name\":\"Startseite\",\"item\":\"https:\\\/\\\/brandengrabenmuehle.de\\\/\"},{\"@type\":\"ListItem\",\"position\":2,\"name\":\"Impressum\"}]},{\"@type\":\"WebSite\",\"@id\":\"https:\\\/\\\/brandengrabenmuehle.de\\\/#website\",\"url\":\"https:\\\/\\\/brandengrabenmuehle.de\\\/\",\"name\":\"Die Brandengrabenm\u00fchle\",\"description\":\"Dein Ort der Begegnung und Inspiration\",\"publisher\":{\"@id\":\"https:\\\/\\\/brandengrabenmuehle.de\\\/#organization\"},\"alternateName\":\"Freundeskreis Brandengrabenm\u00fchle e.V.\",\"potentialAction\":[{\"@type\":\"SearchAction\",\"target\":{\"@type\":\"EntryPoint\",\"urlTemplate\":\"https:\\\/\\\/brandengrabenmuehle.de\\\/?s={search_term_string}\"},\"query-input\":{\"@type\":\"PropertyValueSpecification\",\"valueRequired\":true,\"valueName\":\"search_term_string\"}}],\"inLanguage\":\"de\"},{\"@type\":\"Organization\",\"@id\":\"https:\\\/\\\/brandengrabenmuehle.de\\\/#organization\",\"name\":\"Die Brandengrabenm\u00fchle\",\"alternateName\":\"Freundeskreis Brandengrabenm\u00fchle e.V.\",\"url\":\"https:\\\/\\\/brandengrabenmuehle.de\\\/\",\"logo\":{\"@type\":\"ImageObject\",\"inLanguage\":\"de\",\"@id\":\"https:\\\/\\\/brandengrabenmuehle.de\\\/#\\\/schema\\\/logo\\\/image\\\/\",\"url\":\"https:\\\/\\\/brandengrabenmuehle.de\\\/wp-content\\\/uploads\\\/2025\\\/10\\\/favicon-Website-mit-weissem-schein.png\",\"contentUrl\":\"https:\\\/\\\/brandengrabenmuehle.de\\\/wp-content\\\/uploads\\\/2025\\\/10\\\/favicon-Website-mit-weissem-schein.png\",\"width\":1024,\"height\":1024,\"caption\":\"Die Brandengrabenm\u00fchle\"},\"image\":{\"@id\":\"https:\\\/\\\/brandengrabenmuehle.de\\\/#\\\/schema\\\/logo\\\/image\\\/\"}}]}<\/script>\n<!-- \/ Yoast SEO plugin. -->","yoast_head_json":{"title":"Impressum - Die Brandengrabenm\u00fchle","robots":{"index":"noindex","follow":"follow"},"og_locale":"de_DE","og_type":"article","og_title":"Impressum - Die Brandengrabenm\u00fchle","og_description":"&#8222;Freundeskreis Brandengrabenm\u00fchle e.V.&#8220; Brandengrabenm\u00fchle 056332 Brodenbach1.Vorsitzender: J\u00fcrgen Hertrich Eingetragen im Vereinsregister:Registergericht: Amtsgericht KoblenzRegisternummer: VR 21970 Kontoinhaber: Freundeskreis BIC: GENODED1BNAIBAN: DE 07 5776 1591 1732 4870 00Verwendungszweck: &#8222;Wohlwollen&#8222; Kontakt Telefon +49(0)26 05 \/ 84 72 959kontakt@bgm-ev.de Disclaimer Haftung f\u00fcr Inhalte Die Inhalte unserer Seiten wurden mit gr\u00f6\u00dfter Sorgfalt erstellt. F\u00fcr die Richtigkeit, Vollst\u00e4ndigkeit und Aktualit\u00e4t der [&hellip;]","og_url":"https:\/\/brandengrabenmuehle.de\/index.php\/impressum\/","og_site_name":"Die Brandengrabenm\u00fchle","article_modified_time":"2025-11-04T20:14:23+00:00","og_image":[{"width":1903,"height":889,"url":"https:\/\/brandengrabenmuehle.de\/wp-content\/uploads\/2025\/09\/20230729_090045.jpg","type":"image\/jpeg"}],"twitter_card":"summary_large_image","twitter_misc":{"Gesch\u00e4tzte Lesezeit":"3\u00a0Minuten"},"schema":{"@context":"https:\/\/schema.org","@graph":[{"@type":"WebPage","@id":"https:\/\/brandengrabenmuehle.de\/index.php\/impressum\/","url":"https:\/\/brandengrabenmuehle.de\/index.php\/impressum\/","name":"Impressum - Die Brandengrabenm\u00fchle","isPartOf":{"@id":"https:\/\/brandengrabenmuehle.de\/#website"},"primaryImageOfPage":{"@id":"https:\/\/brandengrabenmuehle.de\/index.php\/impressum\/#primaryimage"},"image":{"@id":"https:\/\/brandengrabenmuehle.de\/index.php\/impressum\/#primaryimage"},"thumbnailUrl":"https:\/\/brandengrabenmuehle.de\/wp-content\/uploads\/2025\/09\/20230729_090045.jpg","datePublished":"2025-09-05T06:23:43+00:00","dateModified":"2025-11-04T20:14:23+00:00","breadcrumb":{"@id":"https:\/\/brandengrabenmuehle.de\/index.php\/impressum\/#breadcrumb"},"inLanguage":"de","potentialAction":[{"@type":"ReadAction","target":["https:\/\/brandengrabenmuehle.de\/index.php\/impressum\/"]}]},{"@type":"ImageObject","inLanguage":"de","@id":"https:\/\/brandengrabenmuehle.de\/index.php\/impressum\/#primaryimage","url":"https:\/\/brandengrabenmuehle.de\/wp-content\/uploads\/2025\/09\/20230729_090045.jpg","contentUrl":"https:\/\/brandengrabenmuehle.de\/wp-content\/uploads\/2025\/09\/20230729_090045.jpg","width":1903,"height":889},{"@type":"BreadcrumbList","@id":"https:\/\/brandengrabenmuehle.de\/index.php\/impressum\/#breadcrumb","itemListElement":[{"@type":"ListItem","position":1,"name":"Startseite","item":"https:\/\/brandengrabenmuehle.de\/"},{"@type":"ListItem","position":2,"name":"Impressum"}]},{"@type":"WebSite","@id":"https:\/\/brandengrabenmuehle.de\/#website","url":"https:\/\/brandengrabenmuehle.de\/","name":"Die Brandengrabenm\u00fchle","description":"Dein Ort der Begegnung und Inspiration","publisher":{"@id":"https:\/\/brandengrabenmuehle.de\/#organization"},"alternateName":"Freundeskreis Brandengrabenm\u00fchle e.V.","potentialAction":[{"@type":"SearchAction","target":{"@type":"EntryPoint","urlTemplate":"https:\/\/brandengrabenmuehle.de\/?s={search_term_string}"},"query-input":{"@type":"PropertyValueSpecification","valueRequired":true,"valueName":"search_term_string"}}],"inLanguage":"de"},{"@type":"Organization","@id":"https:\/\/brandengrabenmuehle.de\/#organization","name":"Die Brandengrabenm\u00fchle","alternateName":"Freundeskreis Brandengrabenm\u00fchle e.V.","url":"https:\/\/brandengrabenmuehle.de\/","logo":{"@type":"ImageObject","inLanguage":"de","@id":"https:\/\/brandengrabenmuehle.de\/#\/schema\/logo\/image\/","url":"https:\/\/brandengrabenmuehle.de\/wp-content\/uploads\/2025\/10\/favicon-Website-mit-weissem-schein.png","contentUrl":"https:\/\/brandengrabenmuehle.de\/wp-content\/uploads\/2025\/10\/favicon-Website-mit-weissem-schein.png","width":1024,"height":1024,"caption":"Die Brandengrabenm\u00fchle"},"image":{"@id":"https:\/\/brandengrabenmuehle.de\/#\/schema\/logo\/image\/"}}]}},"_links":{"self":[{"href":"https:\/\/brandengrabenmuehle.de\/index.php\/wp-json\/wp\/v2\/pages\/277","targetHints":{"allow":["GET"]}}],"collection":[{"href":"https:\/\/brandengrabenmuehle.de\/index.php\/wp-json\/wp\/v2\/pages"}],"about":[{"href":"https:\/\/brandengrabenmuehle.de\/index.php\/wp-json\/wp\/v2\/types\/page"}],"author":[{"embeddable":true,"href":"https:\/\/brandengrabenmuehle.de\/index.php\/wp-json\/wp\/v2\/users\/1"}],"replies":[{"embeddable":true,"href":"https:\/\/brandengrabenmuehle.de\/index.php\/wp-json\/wp\/v2\/comments?post=277"}],"version-history":[{"count":25,"href":"https:\/\/brandengrabenmuehle.de\/index.php\/wp-json\/wp\/v2\/pages\/277\/revisions"}],"predecessor-version":[{"id":966,"href":"https:\/\/brandengrabenmuehle.de\/index.php\/wp-json\/wp\/v2\/pages\/277\/revisions\/966"}],"wp:featuredmedia":[{"embeddable":true,"href":"https:\/\/brandengrabenmuehle.de\/index.php\/wp-json\/wp\/v2\/media\/78"}],"wp:attachment":[{"href":"https:\/\/brandengrabenmuehle.de\/index.php\/wp-json\/wp\/v2\/media?parent=277"}],"curies":[{"name":"wp","href":"https:\/\/api.w.org\/{rel}","templated":true}]}}