{"id":35,"date":"2025-09-03T07:57:30","date_gmt":"2025-09-03T05:57:30","guid":{"rendered":"https:\/\/dev.xn--brandengrabenmhle-g3b.de\/?page_id=35"},"modified":"2025-11-08T21:04:02","modified_gmt":"2025-11-08T20:04:02","slug":"freundeskreis-bgm","status":"publish","type":"page","link":"https:\/\/brandengrabenmuehle.de\/index.php\/freundeskreis-bgm\/","title":{"rendered":"Freundeskreis BGM e.V."},"content":{"rendered":"\n<div class=\"wp-block-group is-layout-constrained wp-container-core-group-is-layout-1c2ac5aa wp-block-group-is-layout-constrained\">\n<div class=\"wp-block-group is-layout-constrained wp-block-group-is-layout-constrained\">\n<p class=\"has-text-align-center has-luminous-vivid-amber-color has-text-color has-link-color has-x-large-font-size wp-elements-a818c217b24d795697a01b5a96c2c076\"><strong>Verein des &#8222;Freundeskreis Brandengrabenm\u00fchle e.V.&#8220;<\/strong><\/p>\n<\/div>\n\n\n\n<p class=\"has-text-align-center has-white-color has-text-color has-link-color has-medium-font-size wp-elements-8d71705cfd6b5fe81ae8d6e6e2d92fad\"><strong>Der Verein \u201eFreundeskreis Brandengrabenm\u00fchle e.V.\u201c <br>hat sich zum Ziel gesetzt, diese besondere St\u00e4tte der Begegnung zu erhalten <br>und weiterzuentwickeln. Jeder kann aktiv zur Gestaltung <br>dieses einzigartigen Raums beitragen. Die Brandengrabenm\u00fchle lebt <br>durch die Menschen, die sie nutzen und mitwirken.<br><br>Die M\u00fchle sowohl einen Ort der Ruhe, als auch ein offener Raum f\u00fcr den Austausch von Ideen, <br>Projekten und Talenten. Hier kannst du in einer offenen und respektvollen <br>Atmosph\u00e4re an deiner pers\u00f6nlichen Weiterentwicklung arbeiten <br>und dich mit anderen austauschen.<br><br>Die Brandengrabenm\u00fchle ist ein Ort, an dem Vielfalt gro\u00dfgeschrieben wird <br>\u2013 sei es in k\u00fcnstlerischer, handwerklicher oder geistiger Hinsicht.<br>Gleichzeitig steht der gemeinsame Sinn im Mittelpunkt unseres Handelns: <br>das Miteinander, die gegenseitige Unterst\u00fctzung und die Freude daran, <br>etwas zu schaffen, das \u00fcber den Einzelnen hinaus wirkt.<br><br>Als gemeinn\u00fctziger Verein engagieren wir uns f\u00fcr den Erhalt, die Pflege <br>und den Aufbau der Brandengrabenm\u00fchle, um sie auch k\u00fcnftigen Generationen als <br>lebendigen Ort der Begegnung und Inspiration zu bewahren.<\/strong><\/p>\n\n\n\n<p class=\"has-text-align-center has-white-color has-text-color has-link-color has-small-font-size wp-elements-561846fbcf6cda164ec23c956f66627b\"><br><br><em>Der Verein ist derzeit noch nicht als gemeinn\u00fctzig anerkannt. <br>Die Anerkennung der Gemeinn\u00fctzigkeit wird jedoch aktiv angestrebt <br>und befindet sich in Bearbeitung. <br>Das Amtsgericht hat die verlinkte Satzung des Vereins unter der <br>Registernummer: 21970 in das Vereinsregister eingetragen. <br>Die entsprechende Pr\u00fcfung durch das Finanzamt steht noch aus.<\/em><br><br><\/p>\n<\/div>\n\n\n\n<p class=\"has-text-align-center has-luminous-vivid-amber-color has-text-color has-link-color has-large-font-size wp-elements-dd0b5b28f61cd6b479d1e1b15d7a3a48\"><strong>Du m\u00f6chtest Mitwirken? &#8211; Hier findest du Details<\/strong><\/p>\n\n\n\n<div class=\"wp-block-buttons is-content-justification-center is-layout-flex wp-container-core-buttons-is-layout-a89b3969 wp-block-buttons-is-layout-flex\">\n<div class=\"wp-block-button is-style-fill\"><a class=\"wp-block-button__link has-background has-border-color wp-element-button\" href=\"\/index.php\/freundeskreis-bgm\/anmeldung\/\" style=\"border-color:#446f45;border-width:2px;background-color:#57a58b\">Infos zur Anmeldung <br>Mitgliedschaft &#8222;Freundeskreis BGM e.V.&#8220;<\/a><\/div>\n\n\n\n<div class=\"wp-block-button is-style-fill\"><a class=\"wp-block-button__link has-background has-border-color wp-element-button\" href=\"\/index.php\/freundeskreis-bgm\/bgm-forum-cloud\/\" style=\"border-color:#446f45;border-width:2px;background-color:#57a58b\">Details zu<br> BGMForum &amp; BGM Cloud<\/a><\/div>\n<\/div>\n\n\n\n<p><\/p>\n\n\n\n<div class=\"wp-block-buttons is-content-justification-center is-layout-flex wp-container-core-buttons-is-layout-a89b3969 wp-block-buttons-is-layout-flex\">\n<div class=\"wp-block-button is-style-fill\"><a class=\"wp-block-button__link has-background has-border-color wp-element-button\" href=\"\/\" style=\"border-color:#446f45;border-width:2px;background-color:#57a58b\">Startseite<\/a><\/div>\n<\/div>\n\n\n\n<figure class=\"wp-block-image aligncenter size-large\"><img loading=\"lazy\" decoding=\"async\" width=\"1024\" height=\"461\" src=\"https:\/\/brandengrabenmuehle.de\/wp-content\/uploads\/2025\/09\/20220811_132433-1024x461.jpg\" alt=\"\" class=\"wp-image-73\" srcset=\"https:\/\/brandengrabenmuehle.de\/wp-content\/uploads\/2025\/09\/20220811_132433-1024x461.jpg 1024w, https:\/\/brandengrabenmuehle.de\/wp-content\/uploads\/2025\/09\/20220811_132433-300x135.jpg 300w, https:\/\/brandengrabenmuehle.de\/wp-content\/uploads\/2025\/09\/20220811_132433-768x345.jpg 768w, https:\/\/brandengrabenmuehle.de\/wp-content\/uploads\/2025\/09\/20220811_132433-1536x691.jpg 1536w, https:\/\/brandengrabenmuehle.de\/wp-content\/uploads\/2025\/09\/20220811_132433.jpg 1903w\" sizes=\"auto, (max-width: 1024px) 100vw, 1024px\" \/><\/figure>\n\n\n\n<div class=\"wp-block-group is-layout-constrained wp-container-core-group-is-layout-1c2ac5aa wp-block-group-is-layout-constrained\">\n<div style=\"height:23px\" aria-hidden=\"true\" class=\"wp-block-spacer\"><\/div>\n\n\n\n<div class=\"wp-block-group alignfull is-layout-flow wp-container-core-group-is-layout-f027cc92 wp-block-group-is-layout-flow\" style=\"margin-top:0;margin-bottom:0;padding-right:0;padding-left:0\">\n<div class=\"wp-block-columns alignwide has-border-color has-ti-bg-border-color is-layout-flex wp-container-core-columns-is-layout-279f8580 wp-block-columns-is-layout-flex\" style=\"margin-top:var(--wp--preset--spacing--30);margin-bottom:var(--wp--preset--spacing--30);padding-top:0;padding-right:0;padding-bottom:0;padding-left:0\"><\/div>\n<\/div>\n\n\n\n<p>Aufbau Forum<\/p>\n\n\n\n<p><\/p>\n<\/div>\n\n\n\n<div style=\"height:49px\" aria-hidden=\"true\" class=\"wp-block-spacer\"><\/div>\n\n\n\n<div style=\"height:21px\" aria-hidden=\"true\" class=\"wp-block-spacer\"><\/div>\n\n\n\n<div class=\"wp-block-group is-layout-constrained wp-container-core-group-is-layout-89455522 wp-block-group-is-layout-constrained\"><\/div>\n","protected":false},"excerpt":{"rendered":"<p>Verein des &#8222;Freundeskreis Brandengrabenm\u00fchle e.V.&#8220; Der Verein \u201eFreundeskreis Brandengrabenm\u00fchle e.V.\u201c hat sich zum Ziel gesetzt, diese besondere St\u00e4tte der Begegnung zu erhalten und weiterzuentwickeln. Jeder kann aktiv zur Gestaltung dieses einzigartigen Raums beitragen. Die Brandengrabenm\u00fchle lebt durch die Menschen, die sie nutzen und mitwirken. Die M\u00fchle sowohl einen Ort der Ruhe, als auch ein offener [&hellip;]<\/p>\n","protected":false},"author":1,"featured_media":172,"parent":0,"menu_order":0,"comment_status":"closed","ping_status":"closed","template":"","meta":{"pgc_sgb_lightbox_settings":"","footnotes":""},"class_list":["post-35","page","type-page","status-publish","has-post-thumbnail","hentry"],"yoast_head":"<!-- This site is optimized with the Yoast SEO plugin v27.3 - https:\/\/yoast.com\/product\/yoast-seo-wordpress\/ -->\n<title>Freundeskreis Brandengrabenm\u00fchle e.V.<\/title>\n<meta name=\"description\" content=\"Werde Mitglied beim Verein zum Erhalt der Brandengrabenm\u00fchle und trage aktiv zur Weiterentwicklung der M\u00fchle bei.\" \/>\n<meta name=\"robots\" content=\"noindex, follow\" \/>\n<meta property=\"og:locale\" content=\"de_DE\" \/>\n<meta property=\"og:type\" content=\"article\" \/>\n<meta property=\"og:title\" content=\"Freundeskreis Brandengrabenm\u00fchle e.V.\" \/>\n<meta property=\"og:description\" content=\"Werde Mitglied beim Verein zum Erhalt der Brandengrabenm\u00fchle und trage aktiv zur Weiterentwicklung der M\u00fchle bei.\" \/>\n<meta property=\"og:url\" content=\"https:\/\/brandengrabenmuehle.de\/index.php\/freundeskreis-bgm\/\" \/>\n<meta property=\"og:site_name\" content=\"Die Brandengrabenm\u00fchle\" \/>\n<meta property=\"article:modified_time\" content=\"2025-11-08T20:04:02+00:00\" \/>\n<meta property=\"og:image\" content=\"https:\/\/brandengrabenmuehle.de\/wp-content\/uploads\/2025\/09\/5120442e-bdff-41b0-8e71-7dd0980b399f.png\" \/>\n\t<meta property=\"og:image:width\" content=\"1024\" \/>\n\t<meta property=\"og:image:height\" content=\"683\" \/>\n\t<meta property=\"og:image:type\" content=\"image\/png\" \/>\n<meta name=\"twitter:card\" content=\"summary_large_image\" \/>\n<meta name=\"twitter:label1\" content=\"Gesch\u00e4tzte Lesezeit\" \/>\n\t<meta name=\"twitter:data1\" content=\"2\u00a0Minuten\" \/>\n<script type=\"application\/ld+json\" class=\"yoast-schema-graph\">{\"@context\":\"https:\\\/\\\/schema.org\",\"@graph\":[{\"@type\":\"WebPage\",\"@id\":\"https:\\\/\\\/brandengrabenmuehle.de\\\/index.php\\\/freundeskreis-bgm\\\/\",\"url\":\"https:\\\/\\\/brandengrabenmuehle.de\\\/index.php\\\/freundeskreis-bgm\\\/\",\"name\":\"Freundeskreis Brandengrabenm\u00fchle e.V.\",\"isPartOf\":{\"@id\":\"https:\\\/\\\/brandengrabenmuehle.de\\\/#website\"},\"primaryImageOfPage\":{\"@id\":\"https:\\\/\\\/brandengrabenmuehle.de\\\/index.php\\\/freundeskreis-bgm\\\/#primaryimage\"},\"image\":{\"@id\":\"https:\\\/\\\/brandengrabenmuehle.de\\\/index.php\\\/freundeskreis-bgm\\\/#primaryimage\"},\"thumbnailUrl\":\"https:\\\/\\\/brandengrabenmuehle.de\\\/wp-content\\\/uploads\\\/2025\\\/09\\\/5120442e-bdff-41b0-8e71-7dd0980b399f.png\",\"datePublished\":\"2025-09-03T05:57:30+00:00\",\"dateModified\":\"2025-11-08T20:04:02+00:00\",\"description\":\"Werde Mitglied beim Verein zum Erhalt der Brandengrabenm\u00fchle und trage aktiv zur Weiterentwicklung der M\u00fchle bei.\",\"breadcrumb\":{\"@id\":\"https:\\\/\\\/brandengrabenmuehle.de\\\/index.php\\\/freundeskreis-bgm\\\/#breadcrumb\"},\"inLanguage\":\"de\",\"potentialAction\":[{\"@type\":\"ReadAction\",\"target\":[\"https:\\\/\\\/brandengrabenmuehle.de\\\/index.php\\\/freundeskreis-bgm\\\/\"]}]},{\"@type\":\"ImageObject\",\"inLanguage\":\"de\",\"@id\":\"https:\\\/\\\/brandengrabenmuehle.de\\\/index.php\\\/freundeskreis-bgm\\\/#primaryimage\",\"url\":\"https:\\\/\\\/brandengrabenmuehle.de\\\/wp-content\\\/uploads\\\/2025\\\/09\\\/5120442e-bdff-41b0-8e71-7dd0980b399f.png\",\"contentUrl\":\"https:\\\/\\\/brandengrabenmuehle.de\\\/wp-content\\\/uploads\\\/2025\\\/09\\\/5120442e-bdff-41b0-8e71-7dd0980b399f.png\",\"width\":1536,\"height\":1024},{\"@type\":\"BreadcrumbList\",\"@id\":\"https:\\\/\\\/brandengrabenmuehle.de\\\/index.php\\\/freundeskreis-bgm\\\/#breadcrumb\",\"itemListElement\":[{\"@type\":\"ListItem\",\"position\":1,\"name\":\"Startseite\",\"item\":\"https:\\\/\\\/brandengrabenmuehle.de\\\/\"},{\"@type\":\"ListItem\",\"position\":2,\"name\":\"Freundeskreis BGM e.V.\"}]},{\"@type\":\"WebSite\",\"@id\":\"https:\\\/\\\/brandengrabenmuehle.de\\\/#website\",\"url\":\"https:\\\/\\\/brandengrabenmuehle.de\\\/\",\"name\":\"Die Brandengrabenm\u00fchle\",\"description\":\"Dein Ort der Begegnung und Inspiration\",\"publisher\":{\"@id\":\"https:\\\/\\\/brandengrabenmuehle.de\\\/#organization\"},\"alternateName\":\"Freundeskreis Brandengrabenm\u00fchle e.V.\",\"potentialAction\":[{\"@type\":\"SearchAction\",\"target\":{\"@type\":\"EntryPoint\",\"urlTemplate\":\"https:\\\/\\\/brandengrabenmuehle.de\\\/?s={search_term_string}\"},\"query-input\":{\"@type\":\"PropertyValueSpecification\",\"valueRequired\":true,\"valueName\":\"search_term_string\"}}],\"inLanguage\":\"de\"},{\"@type\":\"Organization\",\"@id\":\"https:\\\/\\\/brandengrabenmuehle.de\\\/#organization\",\"name\":\"Die Brandengrabenm\u00fchle\",\"alternateName\":\"Freundeskreis Brandengrabenm\u00fchle e.V.\",\"url\":\"https:\\\/\\\/brandengrabenmuehle.de\\\/\",\"logo\":{\"@type\":\"ImageObject\",\"inLanguage\":\"de\",\"@id\":\"https:\\\/\\\/brandengrabenmuehle.de\\\/#\\\/schema\\\/logo\\\/image\\\/\",\"url\":\"https:\\\/\\\/brandengrabenmuehle.de\\\/wp-content\\\/uploads\\\/2025\\\/10\\\/favicon-Website-mit-weissem-schein.png\",\"contentUrl\":\"https:\\\/\\\/brandengrabenmuehle.de\\\/wp-content\\\/uploads\\\/2025\\\/10\\\/favicon-Website-mit-weissem-schein.png\",\"width\":1024,\"height\":1024,\"caption\":\"Die Brandengrabenm\u00fchle\"},\"image\":{\"@id\":\"https:\\\/\\\/brandengrabenmuehle.de\\\/#\\\/schema\\\/logo\\\/image\\\/\"}}]}<\/script>\n<!-- \/ Yoast SEO plugin. -->","yoast_head_json":{"title":"Freundeskreis Brandengrabenm\u00fchle e.V.","description":"Werde Mitglied beim Verein zum Erhalt der Brandengrabenm\u00fchle und trage aktiv zur Weiterentwicklung der M\u00fchle bei.","robots":{"index":"noindex","follow":"follow"},"og_locale":"de_DE","og_type":"article","og_title":"Freundeskreis Brandengrabenm\u00fchle e.V.","og_description":"Werde Mitglied beim Verein zum Erhalt der Brandengrabenm\u00fchle und trage aktiv zur Weiterentwicklung der M\u00fchle bei.","og_url":"https:\/\/brandengrabenmuehle.de\/index.php\/freundeskreis-bgm\/","og_site_name":"Die Brandengrabenm\u00fchle","article_modified_time":"2025-11-08T20:04:02+00:00","og_image":[{"url":"https:\/\/brandengrabenmuehle.de\/wp-content\/uploads\/2025\/09\/5120442e-bdff-41b0-8e71-7dd0980b399f.png","width":1024,"height":683,"type":"image\/png"}],"twitter_card":"summary_large_image","twitter_misc":{"Gesch\u00e4tzte Lesezeit":"2\u00a0Minuten"},"schema":{"@context":"https:\/\/schema.org","@graph":[{"@type":"WebPage","@id":"https:\/\/brandengrabenmuehle.de\/index.php\/freundeskreis-bgm\/","url":"https:\/\/brandengrabenmuehle.de\/index.php\/freundeskreis-bgm\/","name":"Freundeskreis Brandengrabenm\u00fchle e.V.","isPartOf":{"@id":"https:\/\/brandengrabenmuehle.de\/#website"},"primaryImageOfPage":{"@id":"https:\/\/brandengrabenmuehle.de\/index.php\/freundeskreis-bgm\/#primaryimage"},"image":{"@id":"https:\/\/brandengrabenmuehle.de\/index.php\/freundeskreis-bgm\/#primaryimage"},"thumbnailUrl":"https:\/\/brandengrabenmuehle.de\/wp-content\/uploads\/2025\/09\/5120442e-bdff-41b0-8e71-7dd0980b399f.png","datePublished":"2025-09-03T05:57:30+00:00","dateModified":"2025-11-08T20:04:02+00:00","description":"Werde Mitglied beim Verein zum Erhalt der Brandengrabenm\u00fchle und trage aktiv zur Weiterentwicklung der M\u00fchle bei.","breadcrumb":{"@id":"https:\/\/brandengrabenmuehle.de\/index.php\/freundeskreis-bgm\/#breadcrumb"},"inLanguage":"de","potentialAction":[{"@type":"ReadAction","target":["https:\/\/brandengrabenmuehle.de\/index.php\/freundeskreis-bgm\/"]}]},{"@type":"ImageObject","inLanguage":"de","@id":"https:\/\/brandengrabenmuehle.de\/index.php\/freundeskreis-bgm\/#primaryimage","url":"https:\/\/brandengrabenmuehle.de\/wp-content\/uploads\/2025\/09\/5120442e-bdff-41b0-8e71-7dd0980b399f.png","contentUrl":"https:\/\/brandengrabenmuehle.de\/wp-content\/uploads\/2025\/09\/5120442e-bdff-41b0-8e71-7dd0980b399f.png","width":1536,"height":1024},{"@type":"BreadcrumbList","@id":"https:\/\/brandengrabenmuehle.de\/index.php\/freundeskreis-bgm\/#breadcrumb","itemListElement":[{"@type":"ListItem","position":1,"name":"Startseite","item":"https:\/\/brandengrabenmuehle.de\/"},{"@type":"ListItem","position":2,"name":"Freundeskreis BGM e.V."}]},{"@type":"WebSite","@id":"https:\/\/brandengrabenmuehle.de\/#website","url":"https:\/\/brandengrabenmuehle.de\/","name":"Die Brandengrabenm\u00fchle","description":"Dein Ort der Begegnung und Inspiration","publisher":{"@id":"https:\/\/brandengrabenmuehle.de\/#organization"},"alternateName":"Freundeskreis Brandengrabenm\u00fchle e.V.","potentialAction":[{"@type":"SearchAction","target":{"@type":"EntryPoint","urlTemplate":"https:\/\/brandengrabenmuehle.de\/?s={search_term_string}"},"query-input":{"@type":"PropertyValueSpecification","valueRequired":true,"valueName":"search_term_string"}}],"inLanguage":"de"},{"@type":"Organization","@id":"https:\/\/brandengrabenmuehle.de\/#organization","name":"Die Brandengrabenm\u00fchle","alternateName":"Freundeskreis Brandengrabenm\u00fchle e.V.","url":"https:\/\/brandengrabenmuehle.de\/","logo":{"@type":"ImageObject","inLanguage":"de","@id":"https:\/\/brandengrabenmuehle.de\/#\/schema\/logo\/image\/","url":"https:\/\/brandengrabenmuehle.de\/wp-content\/uploads\/2025\/10\/favicon-Website-mit-weissem-schein.png","contentUrl":"https:\/\/brandengrabenmuehle.de\/wp-content\/uploads\/2025\/10\/favicon-Website-mit-weissem-schein.png","width":1024,"height":1024,"caption":"Die Brandengrabenm\u00fchle"},"image":{"@id":"https:\/\/brandengrabenmuehle.de\/#\/schema\/logo\/image\/"}}]}},"_links":{"self":[{"href":"https:\/\/brandengrabenmuehle.de\/index.php\/wp-json\/wp\/v2\/pages\/35","targetHints":{"allow":["GET"]}}],"collection":[{"href":"https:\/\/brandengrabenmuehle.de\/index.php\/wp-json\/wp\/v2\/pages"}],"about":[{"href":"https:\/\/brandengrabenmuehle.de\/index.php\/wp-json\/wp\/v2\/types\/page"}],"author":[{"embeddable":true,"href":"https:\/\/brandengrabenmuehle.de\/index.php\/wp-json\/wp\/v2\/users\/1"}],"replies":[{"embeddable":true,"href":"https:\/\/brandengrabenmuehle.de\/index.php\/wp-json\/wp\/v2\/comments?post=35"}],"version-history":[{"count":47,"href":"https:\/\/brandengrabenmuehle.de\/index.php\/wp-json\/wp\/v2\/pages\/35\/revisions"}],"predecessor-version":[{"id":987,"href":"https:\/\/brandengrabenmuehle.de\/index.php\/wp-json\/wp\/v2\/pages\/35\/revisions\/987"}],"wp:featuredmedia":[{"embeddable":true,"href":"https:\/\/brandengrabenmuehle.de\/index.php\/wp-json\/wp\/v2\/media\/172"}],"wp:attachment":[{"href":"https:\/\/brandengrabenmuehle.de\/index.php\/wp-json\/wp\/v2\/media?parent=35"}],"curies":[{"name":"wp","href":"https:\/\/api.w.org\/{rel}","templated":true}]}}