{"id":525,"date":"2025-10-22T23:36:13","date_gmt":"2025-10-22T21:36:13","guid":{"rendered":"https:\/\/brandengrabenmuehle.de\/?page_id=525"},"modified":"2025-10-28T00:13:34","modified_gmt":"2025-10-27T23:13:34","slug":"brandengrabenmuehle","status":"publish","type":"page","link":"https:\/\/brandengrabenmuehle.de\/index.php\/brandengrabenmuehle\/","title":{"rendered":"Brandengrabenm\u00fchle"},"content":{"rendered":"\n<div class=\"wp-block-group alignwide is-layout-constrained wp-block-group-is-layout-constrained\">\n<p class=\"has-text-align-center has-white-color has-text-color has-link-color wp-elements-96db701193ff595cc44d9cb73f140578\"><strong>dient als Freiraum in einer Welt, deren Gesellschaft mit \u00fcberwiegend strenger kommerzieller <\/strong><br><strong>Ausrichtung belastet ist und im Alltag zu funktionieren hat. <\/strong><\/p>\n\n\n\n<p class=\"has-text-align-center has-text-color has-link-color has-medium-font-size wp-elements-d98b04ab0fb4c6ced6390f124e9f7903\" style=\"color:#e19639\"><br><strong>Sie ist eine St\u00e4tte der Begegnung. <\/strong><\/p>\n\n\n\n<p class=\"has-text-align-center has-white-color has-text-color has-link-color wp-elements-9f758502f10d4c13fc82234c481bd427\"><br><strong>Die Urt\u00fcmlichkeit der umliegenden Landschaft <\/strong><br><strong>l\u00e4dt ein, die Seele baumeln zu lassen. <\/strong><br><strong><br>Unsere M\u00fchle mahlt im Kreislauf der Natur \u2013 sprich: wir sind an die nat\u00fcrlichen Rhythmen angebunden.<br>Gro\u00dfe und kleine, junge und alte Menschen \u2013 Familien &#8211; Gruppen verschiedener Ausrichtungen und Interessen <br>haben hier die Gelegenheit der Begegnung, der Zusammenkunft und dem Austausch. <\/strong><br><strong><br>M\u00f6glichkeiten zur Bewegung und Gesunderhaltung bietet die anliegende, zauberhafte Klamm mit ihren Wanderwegen. <br>Die N\u00e4he zur Mosel und der Wein- und Burgenlandschaft l\u00e4sst zudem viele Ausflugsm\u00f6glichkeiten zu.<br>Unsere M\u00fchle stellt den Rahmen \u2013 das Programm gestaltest Du selbst!<\/strong><br><strong><br>Im Vordergrund steht nicht der kommerzielle Gelderwerb,<\/strong><br><strong>so sind die Besuche f\u00fcr alle Schichten der Gesellschaft m\u00f6glich<\/strong><br><strong><br>Der Freundeskreis  pflegt das Gel\u00e4nde mit Achtsamkeit und Herzblut \u2013 in enger Verbundenheit mit der Natur und im respektvollen Miteinander. So entsteht ein Ort, an dem Gemeinschaft lebendig wird, an dem Ideen wachsen d\u00fcrfen und an dem jeder willkommen ist, sich einzubringen oder einfach da zu sein.<\/strong><br><\/p>\n\n\n\n<p class=\"has-text-align-center has-text-color has-link-color has-medium-font-size wp-elements-bf7125102b6f3a35863c8df0c7c7085a\" style=\"color:#e19639\"><strong><br>So wie Du bist, bist Du Willkommen!<\/strong><\/p>\n<\/div>\n\n\n\n<div class=\"wp-block-buttons alignfull is-content-justification-center is-layout-flex wp-container-core-buttons-is-layout-a89b3969 wp-block-buttons-is-layout-flex\">\n<div class=\"wp-block-button is-style-fill\"><a class=\"wp-block-button__link has-background has-border-color wp-element-button\" href=\"\/index.php\/brandengrabenmuehle\/geschichte\/\" style=\"border-color:#446f45;border-width:2px;background-color:#57a58b\">Geschichte<\/a><\/div>\n\n\n\n<div class=\"wp-block-button is-style-fill\"><a class=\"wp-block-button__link has-background has-border-color has-text-align-center wp-element-button\" href=\"\/index.php\/brandengrabenmuehle\/galerie\/\" style=\"border-color:#446f45;border-width:2px;background-color:#57a58b\">BGM Galerie<\/a><\/div>\n\n\n\n<div class=\"wp-block-button is-style-fill\"><a class=\"wp-block-button__link has-background has-border-color wp-element-button\" href=\"\/index.php\/freundeskreis-bgm\/\" style=\"border-color:#446f45;border-width:2px;background-color:#57a58b\">Freundeskreis<\/a><\/div>\n<\/div>\n\n\n\n<div class=\"wp-block-buttons is-content-justification-center is-layout-flex wp-container-core-buttons-is-layout-a89b3969 wp-block-buttons-is-layout-flex\">\n<div class=\"wp-block-button is-style-fill\"><a class=\"wp-block-button__link has-background has-border-color wp-element-button\" href=\"\/\" style=\"border-color:#446f45;border-width:2px;background-color:#57a58b\">Startseite<\/a><\/div>\n<\/div>\n\n\n\n<div class=\"wp-block-group is-content-justification-center is-nowrap is-layout-flex wp-container-core-group-is-layout-23441af8 wp-block-group-is-layout-flex\">\n<figure class=\"wp-block-image size-large is-resized\"><img loading=\"lazy\" decoding=\"async\" width=\"1024\" height=\"478\" src=\"https:\/\/brandengrabenmuehle.de\/wp-content\/uploads\/2025\/09\/20250415_125343-1024x478.jpg\" alt=\"\" class=\"wp-image-84\" style=\"width:1015px;height:auto\" srcset=\"https:\/\/brandengrabenmuehle.de\/wp-content\/uploads\/2025\/09\/20250415_125343-1024x478.jpg 1024w, https:\/\/brandengrabenmuehle.de\/wp-content\/uploads\/2025\/09\/20250415_125343-300x140.jpg 300w, https:\/\/brandengrabenmuehle.de\/wp-content\/uploads\/2025\/09\/20250415_125343-768x359.jpg 768w, https:\/\/brandengrabenmuehle.de\/wp-content\/uploads\/2025\/09\/20250415_125343-1536x718.jpg 1536w, https:\/\/brandengrabenmuehle.de\/wp-content\/uploads\/2025\/09\/20250415_125343.jpg 1903w\" sizes=\"auto, (max-width: 1024px) 100vw, 1024px\" \/><\/figure>\n\n\n\n<figure class=\"wp-block-image size-large is-resized\"><img loading=\"lazy\" decoding=\"async\" width=\"1024\" height=\"768\" src=\"https:\/\/brandengrabenmuehle.de\/wp-content\/uploads\/2025\/09\/20210404_201411-1024x768.jpg\" alt=\"\" class=\"wp-image-173\" style=\"width:635px;height:auto\" srcset=\"https:\/\/brandengrabenmuehle.de\/wp-content\/uploads\/2025\/09\/20210404_201411-1024x768.jpg 1024w, https:\/\/brandengrabenmuehle.de\/wp-content\/uploads\/2025\/09\/20210404_201411-300x225.jpg 300w, https:\/\/brandengrabenmuehle.de\/wp-content\/uploads\/2025\/09\/20210404_201411-768x576.jpg 768w, https:\/\/brandengrabenmuehle.de\/wp-content\/uploads\/2025\/09\/20210404_201411-1536x1152.jpg 1536w, https:\/\/brandengrabenmuehle.de\/wp-content\/uploads\/2025\/09\/20210404_201411-2048x1536.jpg 2048w\" sizes=\"auto, (max-width: 1024px) 100vw, 1024px\" \/><\/figure>\n<\/div>\n","protected":false},"excerpt":{"rendered":"<p>dient als Freiraum in einer Welt, deren Gesellschaft mit \u00fcberwiegend strenger kommerzieller Ausrichtung belastet ist und im Alltag zu funktionieren hat. Sie ist eine St\u00e4tte der Begegnung. Die Urt\u00fcmlichkeit der umliegenden Landschaft l\u00e4dt ein, die Seele baumeln zu lassen. Unsere M\u00fchle mahlt im Kreislauf der Natur \u2013 sprich: wir sind an die nat\u00fcrlichen Rhythmen angebunden.Gro\u00dfe [&hellip;]<\/p>\n","protected":false},"author":4,"featured_media":188,"parent":0,"menu_order":0,"comment_status":"closed","ping_status":"closed","template":"","meta":{"pgc_sgb_lightbox_settings":"","footnotes":""},"class_list":["post-525","page","type-page","status-publish","has-post-thumbnail","hentry"],"yoast_head":"<!-- This site is optimized with the Yoast SEO plugin v27.3 - https:\/\/yoast.com\/product\/yoast-seo-wordpress\/ -->\n<title>Brandengrabenm\u00fchle - Die Brandengrabenm\u00fchle<\/title>\n<meta name=\"robots\" content=\"noindex, follow\" \/>\n<meta property=\"og:locale\" content=\"de_DE\" \/>\n<meta property=\"og:type\" content=\"article\" \/>\n<meta property=\"og:title\" content=\"Brandengrabenm\u00fchle - Die Brandengrabenm\u00fchle\" \/>\n<meta property=\"og:description\" content=\"dient als Freiraum in einer Welt, deren Gesellschaft mit \u00fcberwiegend strenger kommerzieller Ausrichtung belastet ist und im Alltag zu funktionieren hat. Sie ist eine St\u00e4tte der Begegnung. Die Urt\u00fcmlichkeit der umliegenden Landschaft l\u00e4dt ein, die Seele baumeln zu lassen. Unsere M\u00fchle mahlt im Kreislauf der Natur \u2013 sprich: wir sind an die nat\u00fcrlichen Rhythmen angebunden.Gro\u00dfe [&hellip;]\" \/>\n<meta property=\"og:url\" content=\"https:\/\/brandengrabenmuehle.de\/index.php\/brandengrabenmuehle\/\" \/>\n<meta property=\"og:site_name\" content=\"Die Brandengrabenm\u00fchle\" \/>\n<meta property=\"article:modified_time\" content=\"2025-10-27T23:13:34+00:00\" \/>\n<meta property=\"og:image\" content=\"https:\/\/brandengrabenmuehle.de\/wp-content\/uploads\/2025\/09\/20211009_173514-scaled.jpg\" \/>\n\t<meta property=\"og:image:width\" content=\"2560\" \/>\n\t<meta property=\"og:image:height\" content=\"1153\" \/>\n\t<meta property=\"og:image:type\" content=\"image\/jpeg\" \/>\n<meta name=\"twitter:card\" content=\"summary_large_image\" \/>\n<meta name=\"twitter:label1\" content=\"Gesch\u00e4tzte Lesezeit\" \/>\n\t<meta name=\"twitter:data1\" content=\"2\u00a0Minuten\" \/>\n<script type=\"application\/ld+json\" class=\"yoast-schema-graph\">{\"@context\":\"https:\\\/\\\/schema.org\",\"@graph\":[{\"@type\":\"WebPage\",\"@id\":\"https:\\\/\\\/brandengrabenmuehle.de\\\/index.php\\\/brandengrabenmuehle\\\/\",\"url\":\"https:\\\/\\\/brandengrabenmuehle.de\\\/index.php\\\/brandengrabenmuehle\\\/\",\"name\":\"Brandengrabenm\u00fchle - Die Brandengrabenm\u00fchle\",\"isPartOf\":{\"@id\":\"https:\\\/\\\/brandengrabenmuehle.de\\\/#website\"},\"primaryImageOfPage\":{\"@id\":\"https:\\\/\\\/brandengrabenmuehle.de\\\/index.php\\\/brandengrabenmuehle\\\/#primaryimage\"},\"image\":{\"@id\":\"https:\\\/\\\/brandengrabenmuehle.de\\\/index.php\\\/brandengrabenmuehle\\\/#primaryimage\"},\"thumbnailUrl\":\"https:\\\/\\\/brandengrabenmuehle.de\\\/wp-content\\\/uploads\\\/2025\\\/09\\\/20211009_173514-scaled.jpg\",\"datePublished\":\"2025-10-22T21:36:13+00:00\",\"dateModified\":\"2025-10-27T23:13:34+00:00\",\"breadcrumb\":{\"@id\":\"https:\\\/\\\/brandengrabenmuehle.de\\\/index.php\\\/brandengrabenmuehle\\\/#breadcrumb\"},\"inLanguage\":\"de\",\"potentialAction\":[{\"@type\":\"ReadAction\",\"target\":[\"https:\\\/\\\/brandengrabenmuehle.de\\\/index.php\\\/brandengrabenmuehle\\\/\"]}]},{\"@type\":\"ImageObject\",\"inLanguage\":\"de\",\"@id\":\"https:\\\/\\\/brandengrabenmuehle.de\\\/index.php\\\/brandengrabenmuehle\\\/#primaryimage\",\"url\":\"https:\\\/\\\/brandengrabenmuehle.de\\\/wp-content\\\/uploads\\\/2025\\\/09\\\/20211009_173514-scaled.jpg\",\"contentUrl\":\"https:\\\/\\\/brandengrabenmuehle.de\\\/wp-content\\\/uploads\\\/2025\\\/09\\\/20211009_173514-scaled.jpg\",\"width\":2560,\"height\":1153},{\"@type\":\"BreadcrumbList\",\"@id\":\"https:\\\/\\\/brandengrabenmuehle.de\\\/index.php\\\/brandengrabenmuehle\\\/#breadcrumb\",\"itemListElement\":[{\"@type\":\"ListItem\",\"position\":1,\"name\":\"Startseite\",\"item\":\"https:\\\/\\\/brandengrabenmuehle.de\\\/\"},{\"@type\":\"ListItem\",\"position\":2,\"name\":\"Brandengrabenm\u00fchle\"}]},{\"@type\":\"WebSite\",\"@id\":\"https:\\\/\\\/brandengrabenmuehle.de\\\/#website\",\"url\":\"https:\\\/\\\/brandengrabenmuehle.de\\\/\",\"name\":\"Die Brandengrabenm\u00fchle\",\"description\":\"Dein Ort der Begegnung und Inspiration\",\"publisher\":{\"@id\":\"https:\\\/\\\/brandengrabenmuehle.de\\\/#organization\"},\"alternateName\":\"Freundeskreis Brandengrabenm\u00fchle e.V.\",\"potentialAction\":[{\"@type\":\"SearchAction\",\"target\":{\"@type\":\"EntryPoint\",\"urlTemplate\":\"https:\\\/\\\/brandengrabenmuehle.de\\\/?s={search_term_string}\"},\"query-input\":{\"@type\":\"PropertyValueSpecification\",\"valueRequired\":true,\"valueName\":\"search_term_string\"}}],\"inLanguage\":\"de\"},{\"@type\":\"Organization\",\"@id\":\"https:\\\/\\\/brandengrabenmuehle.de\\\/#organization\",\"name\":\"Die Brandengrabenm\u00fchle\",\"alternateName\":\"Freundeskreis Brandengrabenm\u00fchle e.V.\",\"url\":\"https:\\\/\\\/brandengrabenmuehle.de\\\/\",\"logo\":{\"@type\":\"ImageObject\",\"inLanguage\":\"de\",\"@id\":\"https:\\\/\\\/brandengrabenmuehle.de\\\/#\\\/schema\\\/logo\\\/image\\\/\",\"url\":\"https:\\\/\\\/brandengrabenmuehle.de\\\/wp-content\\\/uploads\\\/2025\\\/10\\\/favicon-Website-mit-weissem-schein.png\",\"contentUrl\":\"https:\\\/\\\/brandengrabenmuehle.de\\\/wp-content\\\/uploads\\\/2025\\\/10\\\/favicon-Website-mit-weissem-schein.png\",\"width\":1024,\"height\":1024,\"caption\":\"Die Brandengrabenm\u00fchle\"},\"image\":{\"@id\":\"https:\\\/\\\/brandengrabenmuehle.de\\\/#\\\/schema\\\/logo\\\/image\\\/\"}}]}<\/script>\n<!-- \/ Yoast SEO plugin. -->","yoast_head_json":{"title":"Brandengrabenm\u00fchle - Die Brandengrabenm\u00fchle","robots":{"index":"noindex","follow":"follow"},"og_locale":"de_DE","og_type":"article","og_title":"Brandengrabenm\u00fchle - Die Brandengrabenm\u00fchle","og_description":"dient als Freiraum in einer Welt, deren Gesellschaft mit \u00fcberwiegend strenger kommerzieller Ausrichtung belastet ist und im Alltag zu funktionieren hat. Sie ist eine St\u00e4tte der Begegnung. Die Urt\u00fcmlichkeit der umliegenden Landschaft l\u00e4dt ein, die Seele baumeln zu lassen. Unsere M\u00fchle mahlt im Kreislauf der Natur \u2013 sprich: wir sind an die nat\u00fcrlichen Rhythmen angebunden.Gro\u00dfe [&hellip;]","og_url":"https:\/\/brandengrabenmuehle.de\/index.php\/brandengrabenmuehle\/","og_site_name":"Die Brandengrabenm\u00fchle","article_modified_time":"2025-10-27T23:13:34+00:00","og_image":[{"width":2560,"height":1153,"url":"https:\/\/brandengrabenmuehle.de\/wp-content\/uploads\/2025\/09\/20211009_173514-scaled.jpg","type":"image\/jpeg"}],"twitter_card":"summary_large_image","twitter_misc":{"Gesch\u00e4tzte Lesezeit":"2\u00a0Minuten"},"schema":{"@context":"https:\/\/schema.org","@graph":[{"@type":"WebPage","@id":"https:\/\/brandengrabenmuehle.de\/index.php\/brandengrabenmuehle\/","url":"https:\/\/brandengrabenmuehle.de\/index.php\/brandengrabenmuehle\/","name":"Brandengrabenm\u00fchle - Die Brandengrabenm\u00fchle","isPartOf":{"@id":"https:\/\/brandengrabenmuehle.de\/#website"},"primaryImageOfPage":{"@id":"https:\/\/brandengrabenmuehle.de\/index.php\/brandengrabenmuehle\/#primaryimage"},"image":{"@id":"https:\/\/brandengrabenmuehle.de\/index.php\/brandengrabenmuehle\/#primaryimage"},"thumbnailUrl":"https:\/\/brandengrabenmuehle.de\/wp-content\/uploads\/2025\/09\/20211009_173514-scaled.jpg","datePublished":"2025-10-22T21:36:13+00:00","dateModified":"2025-10-27T23:13:34+00:00","breadcrumb":{"@id":"https:\/\/brandengrabenmuehle.de\/index.php\/brandengrabenmuehle\/#breadcrumb"},"inLanguage":"de","potentialAction":[{"@type":"ReadAction","target":["https:\/\/brandengrabenmuehle.de\/index.php\/brandengrabenmuehle\/"]}]},{"@type":"ImageObject","inLanguage":"de","@id":"https:\/\/brandengrabenmuehle.de\/index.php\/brandengrabenmuehle\/#primaryimage","url":"https:\/\/brandengrabenmuehle.de\/wp-content\/uploads\/2025\/09\/20211009_173514-scaled.jpg","contentUrl":"https:\/\/brandengrabenmuehle.de\/wp-content\/uploads\/2025\/09\/20211009_173514-scaled.jpg","width":2560,"height":1153},{"@type":"BreadcrumbList","@id":"https:\/\/brandengrabenmuehle.de\/index.php\/brandengrabenmuehle\/#breadcrumb","itemListElement":[{"@type":"ListItem","position":1,"name":"Startseite","item":"https:\/\/brandengrabenmuehle.de\/"},{"@type":"ListItem","position":2,"name":"Brandengrabenm\u00fchle"}]},{"@type":"WebSite","@id":"https:\/\/brandengrabenmuehle.de\/#website","url":"https:\/\/brandengrabenmuehle.de\/","name":"Die Brandengrabenm\u00fchle","description":"Dein Ort der Begegnung und Inspiration","publisher":{"@id":"https:\/\/brandengrabenmuehle.de\/#organization"},"alternateName":"Freundeskreis Brandengrabenm\u00fchle e.V.","potentialAction":[{"@type":"SearchAction","target":{"@type":"EntryPoint","urlTemplate":"https:\/\/brandengrabenmuehle.de\/?s={search_term_string}"},"query-input":{"@type":"PropertyValueSpecification","valueRequired":true,"valueName":"search_term_string"}}],"inLanguage":"de"},{"@type":"Organization","@id":"https:\/\/brandengrabenmuehle.de\/#organization","name":"Die Brandengrabenm\u00fchle","alternateName":"Freundeskreis Brandengrabenm\u00fchle e.V.","url":"https:\/\/brandengrabenmuehle.de\/","logo":{"@type":"ImageObject","inLanguage":"de","@id":"https:\/\/brandengrabenmuehle.de\/#\/schema\/logo\/image\/","url":"https:\/\/brandengrabenmuehle.de\/wp-content\/uploads\/2025\/10\/favicon-Website-mit-weissem-schein.png","contentUrl":"https:\/\/brandengrabenmuehle.de\/wp-content\/uploads\/2025\/10\/favicon-Website-mit-weissem-schein.png","width":1024,"height":1024,"caption":"Die Brandengrabenm\u00fchle"},"image":{"@id":"https:\/\/brandengrabenmuehle.de\/#\/schema\/logo\/image\/"}}]}},"_links":{"self":[{"href":"https:\/\/brandengrabenmuehle.de\/index.php\/wp-json\/wp\/v2\/pages\/525","targetHints":{"allow":["GET"]}}],"collection":[{"href":"https:\/\/brandengrabenmuehle.de\/index.php\/wp-json\/wp\/v2\/pages"}],"about":[{"href":"https:\/\/brandengrabenmuehle.de\/index.php\/wp-json\/wp\/v2\/types\/page"}],"author":[{"embeddable":true,"href":"https:\/\/brandengrabenmuehle.de\/index.php\/wp-json\/wp\/v2\/users\/4"}],"replies":[{"embeddable":true,"href":"https:\/\/brandengrabenmuehle.de\/index.php\/wp-json\/wp\/v2\/comments?post=525"}],"version-history":[{"count":13,"href":"https:\/\/brandengrabenmuehle.de\/index.php\/wp-json\/wp\/v2\/pages\/525\/revisions"}],"predecessor-version":[{"id":913,"href":"https:\/\/brandengrabenmuehle.de\/index.php\/wp-json\/wp\/v2\/pages\/525\/revisions\/913"}],"wp:featuredmedia":[{"embeddable":true,"href":"https:\/\/brandengrabenmuehle.de\/index.php\/wp-json\/wp\/v2\/media\/188"}],"wp:attachment":[{"href":"https:\/\/brandengrabenmuehle.de\/index.php\/wp-json\/wp\/v2\/media?parent=525"}],"curies":[{"name":"wp","href":"https:\/\/api.w.org\/{rel}","templated":true}]}}