{"id":560,"date":"2025-10-22T23:36:52","date_gmt":"2025-10-22T21:36:52","guid":{"rendered":"https:\/\/brandengrabenmuehle.de\/?page_id=560"},"modified":"2025-10-28T00:43:10","modified_gmt":"2025-10-27T23:43:10","slug":"wandern","status":"publish","type":"page","link":"https:\/\/brandengrabenmuehle.de\/index.php\/umgebung\/wandern\/","title":{"rendered":"Wandern"},"content":{"rendered":"\n<p class=\"has-text-align-center has-white-color has-text-color has-link-color has-medium-font-size wp-elements-2de93b008f062264ea69e73f3471235e\"><strong>Brodenbach, ein malerisches St\u00e4dtchen in der Region Mayen-Koblenz in Deutschland, <br>ist ein wahres Paradies f\u00fcr Wanderfreunde. <br>Mit seiner atemberaubenden geografischen Lage am Ufer der Mosel und umgeben von <br>den majest\u00e4tischen H\u00e4ngen des Hunsr\u00fcck-Gebirges bietet Brodenbach eine Vielzahl von Wanderm\u00f6glichkeiten.<\/strong><\/p>\n\n\n\n<p class=\"has-text-align-center has-text-color has-link-color wp-elements-fc361df0478a475d160df572c9eb3248\" style=\"color:#fbeb58\"><br>Hier findest du den Link zu den Wanderrouten <br>und Bilder der Umgebung<\/p>\n\n\n\n<div class=\"wp-block-buttons is-content-justification-center is-layout-flex wp-container-core-buttons-is-layout-a89b3969 wp-block-buttons-is-layout-flex\">\n<div class=\"wp-block-button\"><a class=\"wp-block-button__link has-background has-border-color wp-element-button\" href=\"https:\/\/www.outdooractive.com\/de\/wanderungen\/brodenbach\/wanderungen-in-brodenbach\/1435797\" style=\"border-color:#446f45;border-width:2px;background-color:#57a58b\" target=\"_blank\" rel=\"noreferrer noopener\">Wanderrouten<\/a><\/div>\n\n\n\n<div class=\"wp-block-button\"><a class=\"wp-block-button__link has-background has-border-color wp-element-button\" href=\"\/index.php\/umgebung\/galerie-umgebung\/\" style=\"border-color:#446f45;border-width:2px;background-color:#57a58b\">Bilder Umgebung<\/a><\/div>\n<\/div>\n\n\n\n<div class=\"wp-block-buttons is-content-justification-center is-layout-flex wp-container-core-buttons-is-layout-a89b3969 wp-block-buttons-is-layout-flex\">\n<div class=\"wp-block-button\"><a class=\"wp-block-button__link has-background has-border-color wp-element-button\" href=\"\/\" style=\"border-color:#446f45;border-width:2px;background-color:#57a58b\">Startseite<\/a><\/div>\n<\/div>\n","protected":false},"excerpt":{"rendered":"<p>Brodenbach, ein malerisches St\u00e4dtchen in der Region Mayen-Koblenz in Deutschland, ist ein wahres Paradies f\u00fcr Wanderfreunde. Mit seiner atemberaubenden geografischen Lage am Ufer der Mosel und umgeben von den majest\u00e4tischen H\u00e4ngen des Hunsr\u00fcck-Gebirges bietet Brodenbach eine Vielzahl von Wanderm\u00f6glichkeiten. Hier findest du den Link zu den Wanderrouten und Bilder der Umgebung<\/p>\n","protected":false},"author":4,"featured_media":74,"parent":271,"menu_order":0,"comment_status":"closed","ping_status":"closed","template":"","meta":{"pgc_sgb_lightbox_settings":"","footnotes":""},"class_list":["post-560","page","type-page","status-publish","has-post-thumbnail","hentry"],"yoast_head":"<!-- This site is optimized with the Yoast SEO plugin v27.3 - https:\/\/yoast.com\/product\/yoast-seo-wordpress\/ -->\n<title>Wandern - Die Brandengrabenm\u00fchle<\/title>\n<meta name=\"robots\" content=\"noindex, follow\" \/>\n<meta property=\"og:locale\" content=\"de_DE\" \/>\n<meta property=\"og:type\" content=\"article\" \/>\n<meta property=\"og:title\" content=\"Wandern - Die Brandengrabenm\u00fchle\" \/>\n<meta property=\"og:description\" content=\"Brodenbach, ein malerisches St\u00e4dtchen in der Region Mayen-Koblenz in Deutschland, ist ein wahres Paradies f\u00fcr Wanderfreunde. Mit seiner atemberaubenden geografischen Lage am Ufer der Mosel und umgeben von den majest\u00e4tischen H\u00e4ngen des Hunsr\u00fcck-Gebirges bietet Brodenbach eine Vielzahl von Wanderm\u00f6glichkeiten. Hier findest du den Link zu den Wanderrouten und Bilder der Umgebung\" \/>\n<meta property=\"og:url\" content=\"https:\/\/brandengrabenmuehle.de\/index.php\/umgebung\/wandern\/\" \/>\n<meta property=\"og:site_name\" content=\"Die Brandengrabenm\u00fchle\" \/>\n<meta property=\"article:modified_time\" content=\"2025-10-27T23:43:10+00:00\" \/>\n<meta property=\"og:image\" content=\"https:\/\/brandengrabenmuehle.de\/wp-content\/uploads\/2025\/09\/20220811_153434.jpg\" \/>\n\t<meta property=\"og:image:width\" content=\"1903\" \/>\n\t<meta property=\"og:image:height\" content=\"856\" \/>\n\t<meta property=\"og:image:type\" content=\"image\/jpeg\" \/>\n<meta name=\"twitter:card\" content=\"summary_large_image\" \/>\n<meta name=\"twitter:label1\" content=\"Gesch\u00e4tzte Lesezeit\" \/>\n\t<meta name=\"twitter:data1\" content=\"1\u00a0Minute\" \/>\n<script type=\"application\/ld+json\" class=\"yoast-schema-graph\">{\"@context\":\"https:\\\/\\\/schema.org\",\"@graph\":[{\"@type\":\"WebPage\",\"@id\":\"https:\\\/\\\/brandengrabenmuehle.de\\\/index.php\\\/umgebung\\\/wandern\\\/\",\"url\":\"https:\\\/\\\/brandengrabenmuehle.de\\\/index.php\\\/umgebung\\\/wandern\\\/\",\"name\":\"Wandern - Die Brandengrabenm\u00fchle\",\"isPartOf\":{\"@id\":\"https:\\\/\\\/brandengrabenmuehle.de\\\/#website\"},\"primaryImageOfPage\":{\"@id\":\"https:\\\/\\\/brandengrabenmuehle.de\\\/index.php\\\/umgebung\\\/wandern\\\/#primaryimage\"},\"image\":{\"@id\":\"https:\\\/\\\/brandengrabenmuehle.de\\\/index.php\\\/umgebung\\\/wandern\\\/#primaryimage\"},\"thumbnailUrl\":\"https:\\\/\\\/brandengrabenmuehle.de\\\/wp-content\\\/uploads\\\/2025\\\/09\\\/20220811_153434.jpg\",\"datePublished\":\"2025-10-22T21:36:52+00:00\",\"dateModified\":\"2025-10-27T23:43:10+00:00\",\"breadcrumb\":{\"@id\":\"https:\\\/\\\/brandengrabenmuehle.de\\\/index.php\\\/umgebung\\\/wandern\\\/#breadcrumb\"},\"inLanguage\":\"de\",\"potentialAction\":[{\"@type\":\"ReadAction\",\"target\":[\"https:\\\/\\\/brandengrabenmuehle.de\\\/index.php\\\/umgebung\\\/wandern\\\/\"]}]},{\"@type\":\"ImageObject\",\"inLanguage\":\"de\",\"@id\":\"https:\\\/\\\/brandengrabenmuehle.de\\\/index.php\\\/umgebung\\\/wandern\\\/#primaryimage\",\"url\":\"https:\\\/\\\/brandengrabenmuehle.de\\\/wp-content\\\/uploads\\\/2025\\\/09\\\/20220811_153434.jpg\",\"contentUrl\":\"https:\\\/\\\/brandengrabenmuehle.de\\\/wp-content\\\/uploads\\\/2025\\\/09\\\/20220811_153434.jpg\",\"width\":1903,\"height\":856},{\"@type\":\"BreadcrumbList\",\"@id\":\"https:\\\/\\\/brandengrabenmuehle.de\\\/index.php\\\/umgebung\\\/wandern\\\/#breadcrumb\",\"itemListElement\":[{\"@type\":\"ListItem\",\"position\":1,\"name\":\"Startseite\",\"item\":\"https:\\\/\\\/brandengrabenmuehle.de\\\/\"},{\"@type\":\"ListItem\",\"position\":2,\"name\":\"Umgebung\",\"item\":\"https:\\\/\\\/brandengrabenmuehle.de\\\/index.php\\\/umgebung\\\/\"},{\"@type\":\"ListItem\",\"position\":3,\"name\":\"Wandern\"}]},{\"@type\":\"WebSite\",\"@id\":\"https:\\\/\\\/brandengrabenmuehle.de\\\/#website\",\"url\":\"https:\\\/\\\/brandengrabenmuehle.de\\\/\",\"name\":\"Die Brandengrabenm\u00fchle\",\"description\":\"Dein Ort der Begegnung und Inspiration\",\"publisher\":{\"@id\":\"https:\\\/\\\/brandengrabenmuehle.de\\\/#organization\"},\"alternateName\":\"Freundeskreis Brandengrabenm\u00fchle e.V.\",\"potentialAction\":[{\"@type\":\"SearchAction\",\"target\":{\"@type\":\"EntryPoint\",\"urlTemplate\":\"https:\\\/\\\/brandengrabenmuehle.de\\\/?s={search_term_string}\"},\"query-input\":{\"@type\":\"PropertyValueSpecification\",\"valueRequired\":true,\"valueName\":\"search_term_string\"}}],\"inLanguage\":\"de\"},{\"@type\":\"Organization\",\"@id\":\"https:\\\/\\\/brandengrabenmuehle.de\\\/#organization\",\"name\":\"Die Brandengrabenm\u00fchle\",\"alternateName\":\"Freundeskreis Brandengrabenm\u00fchle e.V.\",\"url\":\"https:\\\/\\\/brandengrabenmuehle.de\\\/\",\"logo\":{\"@type\":\"ImageObject\",\"inLanguage\":\"de\",\"@id\":\"https:\\\/\\\/brandengrabenmuehle.de\\\/#\\\/schema\\\/logo\\\/image\\\/\",\"url\":\"https:\\\/\\\/brandengrabenmuehle.de\\\/wp-content\\\/uploads\\\/2025\\\/10\\\/favicon-Website-mit-weissem-schein.png\",\"contentUrl\":\"https:\\\/\\\/brandengrabenmuehle.de\\\/wp-content\\\/uploads\\\/2025\\\/10\\\/favicon-Website-mit-weissem-schein.png\",\"width\":1024,\"height\":1024,\"caption\":\"Die Brandengrabenm\u00fchle\"},\"image\":{\"@id\":\"https:\\\/\\\/brandengrabenmuehle.de\\\/#\\\/schema\\\/logo\\\/image\\\/\"}}]}<\/script>\n<!-- \/ Yoast SEO plugin. -->","yoast_head_json":{"title":"Wandern - Die Brandengrabenm\u00fchle","robots":{"index":"noindex","follow":"follow"},"og_locale":"de_DE","og_type":"article","og_title":"Wandern - Die Brandengrabenm\u00fchle","og_description":"Brodenbach, ein malerisches St\u00e4dtchen in der Region Mayen-Koblenz in Deutschland, ist ein wahres Paradies f\u00fcr Wanderfreunde. Mit seiner atemberaubenden geografischen Lage am Ufer der Mosel und umgeben von den majest\u00e4tischen H\u00e4ngen des Hunsr\u00fcck-Gebirges bietet Brodenbach eine Vielzahl von Wanderm\u00f6glichkeiten. Hier findest du den Link zu den Wanderrouten und Bilder der Umgebung","og_url":"https:\/\/brandengrabenmuehle.de\/index.php\/umgebung\/wandern\/","og_site_name":"Die Brandengrabenm\u00fchle","article_modified_time":"2025-10-27T23:43:10+00:00","og_image":[{"width":1903,"height":856,"url":"https:\/\/brandengrabenmuehle.de\/wp-content\/uploads\/2025\/09\/20220811_153434.jpg","type":"image\/jpeg"}],"twitter_card":"summary_large_image","twitter_misc":{"Gesch\u00e4tzte Lesezeit":"1\u00a0Minute"},"schema":{"@context":"https:\/\/schema.org","@graph":[{"@type":"WebPage","@id":"https:\/\/brandengrabenmuehle.de\/index.php\/umgebung\/wandern\/","url":"https:\/\/brandengrabenmuehle.de\/index.php\/umgebung\/wandern\/","name":"Wandern - Die Brandengrabenm\u00fchle","isPartOf":{"@id":"https:\/\/brandengrabenmuehle.de\/#website"},"primaryImageOfPage":{"@id":"https:\/\/brandengrabenmuehle.de\/index.php\/umgebung\/wandern\/#primaryimage"},"image":{"@id":"https:\/\/brandengrabenmuehle.de\/index.php\/umgebung\/wandern\/#primaryimage"},"thumbnailUrl":"https:\/\/brandengrabenmuehle.de\/wp-content\/uploads\/2025\/09\/20220811_153434.jpg","datePublished":"2025-10-22T21:36:52+00:00","dateModified":"2025-10-27T23:43:10+00:00","breadcrumb":{"@id":"https:\/\/brandengrabenmuehle.de\/index.php\/umgebung\/wandern\/#breadcrumb"},"inLanguage":"de","potentialAction":[{"@type":"ReadAction","target":["https:\/\/brandengrabenmuehle.de\/index.php\/umgebung\/wandern\/"]}]},{"@type":"ImageObject","inLanguage":"de","@id":"https:\/\/brandengrabenmuehle.de\/index.php\/umgebung\/wandern\/#primaryimage","url":"https:\/\/brandengrabenmuehle.de\/wp-content\/uploads\/2025\/09\/20220811_153434.jpg","contentUrl":"https:\/\/brandengrabenmuehle.de\/wp-content\/uploads\/2025\/09\/20220811_153434.jpg","width":1903,"height":856},{"@type":"BreadcrumbList","@id":"https:\/\/brandengrabenmuehle.de\/index.php\/umgebung\/wandern\/#breadcrumb","itemListElement":[{"@type":"ListItem","position":1,"name":"Startseite","item":"https:\/\/brandengrabenmuehle.de\/"},{"@type":"ListItem","position":2,"name":"Umgebung","item":"https:\/\/brandengrabenmuehle.de\/index.php\/umgebung\/"},{"@type":"ListItem","position":3,"name":"Wandern"}]},{"@type":"WebSite","@id":"https:\/\/brandengrabenmuehle.de\/#website","url":"https:\/\/brandengrabenmuehle.de\/","name":"Die Brandengrabenm\u00fchle","description":"Dein Ort der Begegnung und Inspiration","publisher":{"@id":"https:\/\/brandengrabenmuehle.de\/#organization"},"alternateName":"Freundeskreis Brandengrabenm\u00fchle e.V.","potentialAction":[{"@type":"SearchAction","target":{"@type":"EntryPoint","urlTemplate":"https:\/\/brandengrabenmuehle.de\/?s={search_term_string}"},"query-input":{"@type":"PropertyValueSpecification","valueRequired":true,"valueName":"search_term_string"}}],"inLanguage":"de"},{"@type":"Organization","@id":"https:\/\/brandengrabenmuehle.de\/#organization","name":"Die Brandengrabenm\u00fchle","alternateName":"Freundeskreis Brandengrabenm\u00fchle e.V.","url":"https:\/\/brandengrabenmuehle.de\/","logo":{"@type":"ImageObject","inLanguage":"de","@id":"https:\/\/brandengrabenmuehle.de\/#\/schema\/logo\/image\/","url":"https:\/\/brandengrabenmuehle.de\/wp-content\/uploads\/2025\/10\/favicon-Website-mit-weissem-schein.png","contentUrl":"https:\/\/brandengrabenmuehle.de\/wp-content\/uploads\/2025\/10\/favicon-Website-mit-weissem-schein.png","width":1024,"height":1024,"caption":"Die Brandengrabenm\u00fchle"},"image":{"@id":"https:\/\/brandengrabenmuehle.de\/#\/schema\/logo\/image\/"}}]}},"_links":{"self":[{"href":"https:\/\/brandengrabenmuehle.de\/index.php\/wp-json\/wp\/v2\/pages\/560","targetHints":{"allow":["GET"]}}],"collection":[{"href":"https:\/\/brandengrabenmuehle.de\/index.php\/wp-json\/wp\/v2\/pages"}],"about":[{"href":"https:\/\/brandengrabenmuehle.de\/index.php\/wp-json\/wp\/v2\/types\/page"}],"author":[{"embeddable":true,"href":"https:\/\/brandengrabenmuehle.de\/index.php\/wp-json\/wp\/v2\/users\/4"}],"replies":[{"embeddable":true,"href":"https:\/\/brandengrabenmuehle.de\/index.php\/wp-json\/wp\/v2\/comments?post=560"}],"version-history":[{"count":11,"href":"https:\/\/brandengrabenmuehle.de\/index.php\/wp-json\/wp\/v2\/pages\/560\/revisions"}],"predecessor-version":[{"id":946,"href":"https:\/\/brandengrabenmuehle.de\/index.php\/wp-json\/wp\/v2\/pages\/560\/revisions\/946"}],"up":[{"embeddable":true,"href":"https:\/\/brandengrabenmuehle.de\/index.php\/wp-json\/wp\/v2\/pages\/271"}],"wp:featuredmedia":[{"embeddable":true,"href":"https:\/\/brandengrabenmuehle.de\/index.php\/wp-json\/wp\/v2\/media\/74"}],"wp:attachment":[{"href":"https:\/\/brandengrabenmuehle.de\/index.php\/wp-json\/wp\/v2\/media?parent=560"}],"curies":[{"name":"wp","href":"https:\/\/api.w.org\/{rel}","templated":true}]}}