{"id":569,"date":"2025-10-22T23:35:08","date_gmt":"2025-10-22T21:35:08","guid":{"rendered":"https:\/\/brandengrabenmuehle.de\/?page_id=569"},"modified":"2025-11-08T21:11:40","modified_gmt":"2025-11-08T20:11:40","slug":"bgm-forum-cloud","status":"publish","type":"page","link":"https:\/\/brandengrabenmuehle.de\/index.php\/freundeskreis-bgm\/bgm-forum-cloud\/","title":{"rendered":"BGM Forum \/ Cloud"},"content":{"rendered":"\n<div class=\"wp-block-group is-layout-constrained wp-container-core-group-is-layout-1c2ac5aa wp-block-group-is-layout-constrained\">\n<p class=\"has-text-align-center has-white-color has-text-color has-link-color has-medium-font-size wp-elements-4f3cf720b5215c7d4e8c22780662f8b1\"><strong>bringt Eure Ideen und Kompetenzen \u2013 ob k\u00fcnstlerisch, handwerklich, im Bereich Wissen oder Gesundheit. <br>Mit gemeinsamen Projekten und Veranstaltungen rund um die M\u00fchle wollen wir <br>dieses Geb\u00e4ude und das Ortsbild lebendig erhalten.<br>Jede Initiative, jeder Themenvorschlag und jede Mithilfe ist willkommen!<\/strong><\/p>\n\n\n\n<p class=\"has-text-align-center has-white-color has-text-color has-link-color has-medium-font-size wp-elements-31481e5e4679624bdf36391a62955de8\"><strong>Als n\u00e4chsten Schritt landen wir euch herzlich, direkt in unser neues BGM-Forum ein.<br>Dies findet ihr unter&nbsp;: <a href=\"http:\/\/forum.bgm-ev.de\/\">forum.bgm-ev.de<\/a><\/strong><\/p>\n\n\n\n<p class=\"has-text-align-center has-white-color has-text-color has-link-color has-medium-font-size wp-elements-8cee651542ca6ba01bf332013b38ca40\"><strong>In diesem Forum b\u00fcndeln wir alle Infos, offene Fragen und Aufgaben,<br>bieten Raum f\u00fcr Ideen und Mitgestaltung Rund um die Brandengrabenm\u00fchle und des Vereins.<\/strong><\/p>\n\n\n\n<h2 class=\"wp-block-heading has-text-align-center has-text-color has-link-color has-huge-font-size wp-elements-cc1f193b7fd271376e6415e4c8b09f80\" style=\"color:#e19639\">Aufbau Forum<\/h2>\n<\/div>\n\n\n\n<div class=\"wp-block-buttons is-content-justification-center is-layout-flex wp-container-core-buttons-is-layout-a89b3969 wp-block-buttons-is-layout-flex\">\n<div class=\"wp-block-button\"><a class=\"wp-block-button__link has-luminous-vivid-amber-background-color has-background wp-element-button\">Eingangshalle<\/a><\/div>\n<\/div>\n\n\n\n<div class=\"wp-block-buttons is-content-justification-center is-layout-flex wp-container-core-buttons-is-layout-a89b3969 wp-block-buttons-is-layout-flex\">\n<div class=\"wp-block-button\"><a class=\"wp-block-button__link has-luminous-vivid-orange-background-color has-background wp-element-button\">Freundeskreis Brandengrabenm\u00fchle<\/a><\/div>\n<\/div>\n\n\n\n<div class=\"wp-block-buttons is-content-justification-center is-layout-flex wp-container-core-buttons-is-layout-a89b3969 wp-block-buttons-is-layout-flex\">\n<div class=\"wp-block-button\"><a class=\"wp-block-button__link has-vivid-purple-background-color has-background wp-element-button\">BGM Arbeitsgruppe<\/a><\/div>\n<\/div>\n\n\n\n<div class=\"wp-block-buttons is-content-justification-center is-layout-flex wp-container-core-buttons-is-layout-a89b3969 wp-block-buttons-is-layout-flex\">\n<div class=\"wp-block-button\"><a class=\"wp-block-button__link wp-element-button\">Brandegrabenm\u00fchle Verein<\/a><\/div>\n<\/div>\n\n\n\n<div class=\"wp-block-buttons is-content-justification-center is-layout-flex wp-container-core-buttons-is-layout-a89b3969 wp-block-buttons-is-layout-flex\">\n<div class=\"wp-block-button\"><a class=\"wp-block-button__link has-pale-cyan-blue-background-color has-background wp-element-button\">BGM Vorstand<\/a><\/div>\n<\/div>\n\n\n\n<p class=\"has-text-align-center has-white-color has-text-color has-link-color has-normal-font-size wp-elements-60f03a56bb7c6ad64ca0fbb2b40dc4d2\"><strong>Au\u00dferdem ist das Forum an die BGM-Cloud angebunden<br> \u2013 <br>ein idealer Speicherplatz f\u00fcr eure Bilder und Dokumente, Ideen und Ausarbeitungen.<br>Die Cloud bietet unter der Arbeitsgruppe genug Raum zum Daten austauschen und verwalten<\/strong><\/p>\n\n\n\n<p class=\"has-text-align-center\"><\/p>\n\n\n\n<h2 class=\"wp-block-heading has-text-align-center has-luminous-vivid-amber-color has-text-color has-link-color wp-elements-f0f9aa735480a4c196c50ebffcc90be7\"><strong><u>So k\u00f6nnt Ihr mitmachen <\/u><\/strong><br><strong>\u2192 REGISTRIERUNG<\/strong><\/h2>\n\n\n\n<p class=\"has-text-align-center has-white-color has-text-color has-link-color has-medium-font-size wp-elements-f20a677ba1177bf491ab5c389127204d\"><br>1. Registriert Euch bitte im<strong> <\/strong><mark style=\"background-color:rgba(0, 0, 0, 0);color:#e19639\" class=\"has-inline-color\"><strong>Forum<\/strong> <\/mark>auf&nbsp;<strong><mark style=\"background-color:rgba(0, 0, 0, 0);color:#e19639\" class=\"has-inline-color\">forum.bgm-ev.de<\/mark><\/strong>, sofern noch nicht geschehen.<br>Bitte meldet euch mit derselben Mailadresse von eurem Anmeldeformular an.<br>2. Wer Interesse an der <strong><mark style=\"background-color:rgba(0, 0, 0, 0);color:#8ed1fc\" class=\"has-inline-color\">Cloud <\/mark><\/strong>und dem Datenaustausch in der Arbeitsgruppe hat <br>kann sich gerne auch unter <strong><mark style=\"background-color:rgba(0, 0, 0, 0);color:#8ed1fc\" class=\"has-inline-color\">cloud.bgm-ev.de <\/mark><\/strong>registrieren. <br>Bitte meldet euch mit derselben Mailadresse von eurem Anmeldeformular an.<br><br><strong>Bei Fragen zur Registrierung oder Nutzung des Forums und der Cloud unterst\u00fctzt Euch der Vorstand gern. <br>F\u00fcr individuelle Anliegen k\u00f6nnt Ihr Euch nat\u00fcrlich wie gewohnt auch direkt melden.<br>Unter der Mailadresse: <mark style=\"background-color:rgba(0, 0, 0, 0);color:#e19639\" class=\"has-inline-color\"><a href=\"mailto:freunde@bgm-ev.de\">freunde@bgm-ev.de<\/a> <\/mark>wird euch geholfen.<\/strong><\/p>\n\n\n\n<p><\/p>\n\n\n\n<div class=\"wp-block-buttons is-content-justification-center is-layout-flex wp-container-core-buttons-is-layout-a89b3969 wp-block-buttons-is-layout-flex\">\n<div class=\"wp-block-button\"><a class=\"wp-block-button__link has-background has-border-color wp-element-button\" href=\"\/index.php\/freundeskreis-bgm\/\" style=\"border-color:#446f45;border-width:2px;background-color:#57a58b\">zur\u00fcck zum Verein<\/a><\/div>\n\n\n\n<div class=\"wp-block-button\"><a class=\"wp-block-button__link has-background has-border-color has-text-align-center wp-element-button\" href=\"\/\" style=\"border-color:#446f45;border-width:2px;background-color:#57a58b\">Startseite<\/a><\/div>\n<\/div>\n","protected":false},"excerpt":{"rendered":"<p>bringt Eure Ideen und Kompetenzen \u2013 ob k\u00fcnstlerisch, handwerklich, im Bereich Wissen oder Gesundheit. Mit gemeinsamen Projekten und Veranstaltungen rund um die M\u00fchle wollen wir dieses Geb\u00e4ude und das Ortsbild lebendig erhalten.Jede Initiative, jeder Themenvorschlag und jede Mithilfe ist willkommen! Als n\u00e4chsten Schritt landen wir euch herzlich, direkt in unser neues BGM-Forum ein.Dies findet ihr [&hellip;]<\/p>\n","protected":false},"author":4,"featured_media":189,"parent":35,"menu_order":0,"comment_status":"closed","ping_status":"closed","template":"","meta":{"pgc_sgb_lightbox_settings":"","footnotes":""},"class_list":["post-569","page","type-page","status-publish","has-post-thumbnail","hentry"],"yoast_head":"<!-- This site is optimized with the Yoast SEO plugin v27.3 - https:\/\/yoast.com\/product\/yoast-seo-wordpress\/ -->\n<title>BGM Forum \/ Cloud - Die Brandengrabenm\u00fchle<\/title>\n<meta name=\"robots\" content=\"noindex, follow\" \/>\n<meta property=\"og:locale\" content=\"de_DE\" \/>\n<meta property=\"og:type\" content=\"article\" \/>\n<meta property=\"og:title\" content=\"BGM Forum \/ Cloud - Die Brandengrabenm\u00fchle\" \/>\n<meta property=\"og:description\" content=\"bringt Eure Ideen und Kompetenzen \u2013 ob k\u00fcnstlerisch, handwerklich, im Bereich Wissen oder Gesundheit. Mit gemeinsamen Projekten und Veranstaltungen rund um die M\u00fchle wollen wir dieses Geb\u00e4ude und das Ortsbild lebendig erhalten.Jede Initiative, jeder Themenvorschlag und jede Mithilfe ist willkommen! Als n\u00e4chsten Schritt landen wir euch herzlich, direkt in unser neues BGM-Forum ein.Dies findet ihr [&hellip;]\" \/>\n<meta property=\"og:url\" content=\"https:\/\/brandengrabenmuehle.de\/index.php\/freundeskreis-bgm\/bgm-forum-cloud\/\" \/>\n<meta property=\"og:site_name\" content=\"Die Brandengrabenm\u00fchle\" \/>\n<meta property=\"article:modified_time\" content=\"2025-11-08T20:11:40+00:00\" \/>\n<meta property=\"og:image\" content=\"https:\/\/brandengrabenmuehle.de\/wp-content\/uploads\/2025\/09\/65479524-587d-4e5d-aeff-a4532d60e82d.png\" \/>\n\t<meta property=\"og:image:width\" content=\"1024\" \/>\n\t<meta property=\"og:image:height\" content=\"683\" \/>\n\t<meta property=\"og:image:type\" content=\"image\/png\" \/>\n<meta name=\"twitter:card\" content=\"summary_large_image\" \/>\n<meta name=\"twitter:label1\" content=\"Gesch\u00e4tzte Lesezeit\" \/>\n\t<meta name=\"twitter:data1\" content=\"2\u00a0Minuten\" \/>\n<script type=\"application\/ld+json\" class=\"yoast-schema-graph\">{\"@context\":\"https:\\\/\\\/schema.org\",\"@graph\":[{\"@type\":\"WebPage\",\"@id\":\"https:\\\/\\\/brandengrabenmuehle.de\\\/index.php\\\/freundeskreis-bgm\\\/bgm-forum-cloud\\\/\",\"url\":\"https:\\\/\\\/brandengrabenmuehle.de\\\/index.php\\\/freundeskreis-bgm\\\/bgm-forum-cloud\\\/\",\"name\":\"BGM Forum \\\/ Cloud - Die Brandengrabenm\u00fchle\",\"isPartOf\":{\"@id\":\"https:\\\/\\\/brandengrabenmuehle.de\\\/#website\"},\"primaryImageOfPage\":{\"@id\":\"https:\\\/\\\/brandengrabenmuehle.de\\\/index.php\\\/freundeskreis-bgm\\\/bgm-forum-cloud\\\/#primaryimage\"},\"image\":{\"@id\":\"https:\\\/\\\/brandengrabenmuehle.de\\\/index.php\\\/freundeskreis-bgm\\\/bgm-forum-cloud\\\/#primaryimage\"},\"thumbnailUrl\":\"https:\\\/\\\/brandengrabenmuehle.de\\\/wp-content\\\/uploads\\\/2025\\\/09\\\/65479524-587d-4e5d-aeff-a4532d60e82d.png\",\"datePublished\":\"2025-10-22T21:35:08+00:00\",\"dateModified\":\"2025-11-08T20:11:40+00:00\",\"breadcrumb\":{\"@id\":\"https:\\\/\\\/brandengrabenmuehle.de\\\/index.php\\\/freundeskreis-bgm\\\/bgm-forum-cloud\\\/#breadcrumb\"},\"inLanguage\":\"de\",\"potentialAction\":[{\"@type\":\"ReadAction\",\"target\":[\"https:\\\/\\\/brandengrabenmuehle.de\\\/index.php\\\/freundeskreis-bgm\\\/bgm-forum-cloud\\\/\"]}]},{\"@type\":\"ImageObject\",\"inLanguage\":\"de\",\"@id\":\"https:\\\/\\\/brandengrabenmuehle.de\\\/index.php\\\/freundeskreis-bgm\\\/bgm-forum-cloud\\\/#primaryimage\",\"url\":\"https:\\\/\\\/brandengrabenmuehle.de\\\/wp-content\\\/uploads\\\/2025\\\/09\\\/65479524-587d-4e5d-aeff-a4532d60e82d.png\",\"contentUrl\":\"https:\\\/\\\/brandengrabenmuehle.de\\\/wp-content\\\/uploads\\\/2025\\\/09\\\/65479524-587d-4e5d-aeff-a4532d60e82d.png\",\"width\":1536,\"height\":1024},{\"@type\":\"BreadcrumbList\",\"@id\":\"https:\\\/\\\/brandengrabenmuehle.de\\\/index.php\\\/freundeskreis-bgm\\\/bgm-forum-cloud\\\/#breadcrumb\",\"itemListElement\":[{\"@type\":\"ListItem\",\"position\":1,\"name\":\"Startseite\",\"item\":\"https:\\\/\\\/brandengrabenmuehle.de\\\/\"},{\"@type\":\"ListItem\",\"position\":2,\"name\":\"Freundeskreis BGM e.V.\",\"item\":\"https:\\\/\\\/brandengrabenmuehle.de\\\/index.php\\\/freundeskreis-bgm\\\/\"},{\"@type\":\"ListItem\",\"position\":3,\"name\":\"BGM Forum \\\/ Cloud\"}]},{\"@type\":\"WebSite\",\"@id\":\"https:\\\/\\\/brandengrabenmuehle.de\\\/#website\",\"url\":\"https:\\\/\\\/brandengrabenmuehle.de\\\/\",\"name\":\"Die Brandengrabenm\u00fchle\",\"description\":\"Dein Ort der Begegnung und Inspiration\",\"publisher\":{\"@id\":\"https:\\\/\\\/brandengrabenmuehle.de\\\/#organization\"},\"alternateName\":\"Freundeskreis Brandengrabenm\u00fchle e.V.\",\"potentialAction\":[{\"@type\":\"SearchAction\",\"target\":{\"@type\":\"EntryPoint\",\"urlTemplate\":\"https:\\\/\\\/brandengrabenmuehle.de\\\/?s={search_term_string}\"},\"query-input\":{\"@type\":\"PropertyValueSpecification\",\"valueRequired\":true,\"valueName\":\"search_term_string\"}}],\"inLanguage\":\"de\"},{\"@type\":\"Organization\",\"@id\":\"https:\\\/\\\/brandengrabenmuehle.de\\\/#organization\",\"name\":\"Die Brandengrabenm\u00fchle\",\"alternateName\":\"Freundeskreis Brandengrabenm\u00fchle e.V.\",\"url\":\"https:\\\/\\\/brandengrabenmuehle.de\\\/\",\"logo\":{\"@type\":\"ImageObject\",\"inLanguage\":\"de\",\"@id\":\"https:\\\/\\\/brandengrabenmuehle.de\\\/#\\\/schema\\\/logo\\\/image\\\/\",\"url\":\"https:\\\/\\\/brandengrabenmuehle.de\\\/wp-content\\\/uploads\\\/2025\\\/10\\\/favicon-Website-mit-weissem-schein.png\",\"contentUrl\":\"https:\\\/\\\/brandengrabenmuehle.de\\\/wp-content\\\/uploads\\\/2025\\\/10\\\/favicon-Website-mit-weissem-schein.png\",\"width\":1024,\"height\":1024,\"caption\":\"Die Brandengrabenm\u00fchle\"},\"image\":{\"@id\":\"https:\\\/\\\/brandengrabenmuehle.de\\\/#\\\/schema\\\/logo\\\/image\\\/\"}}]}<\/script>\n<!-- \/ Yoast SEO plugin. -->","yoast_head_json":{"title":"BGM Forum \/ Cloud - Die Brandengrabenm\u00fchle","robots":{"index":"noindex","follow":"follow"},"og_locale":"de_DE","og_type":"article","og_title":"BGM Forum \/ Cloud - Die Brandengrabenm\u00fchle","og_description":"bringt Eure Ideen und Kompetenzen \u2013 ob k\u00fcnstlerisch, handwerklich, im Bereich Wissen oder Gesundheit. Mit gemeinsamen Projekten und Veranstaltungen rund um die M\u00fchle wollen wir dieses Geb\u00e4ude und das Ortsbild lebendig erhalten.Jede Initiative, jeder Themenvorschlag und jede Mithilfe ist willkommen! Als n\u00e4chsten Schritt landen wir euch herzlich, direkt in unser neues BGM-Forum ein.Dies findet ihr [&hellip;]","og_url":"https:\/\/brandengrabenmuehle.de\/index.php\/freundeskreis-bgm\/bgm-forum-cloud\/","og_site_name":"Die Brandengrabenm\u00fchle","article_modified_time":"2025-11-08T20:11:40+00:00","og_image":[{"url":"https:\/\/brandengrabenmuehle.de\/wp-content\/uploads\/2025\/09\/65479524-587d-4e5d-aeff-a4532d60e82d.png","width":1024,"height":683,"type":"image\/png"}],"twitter_card":"summary_large_image","twitter_misc":{"Gesch\u00e4tzte Lesezeit":"2\u00a0Minuten"},"schema":{"@context":"https:\/\/schema.org","@graph":[{"@type":"WebPage","@id":"https:\/\/brandengrabenmuehle.de\/index.php\/freundeskreis-bgm\/bgm-forum-cloud\/","url":"https:\/\/brandengrabenmuehle.de\/index.php\/freundeskreis-bgm\/bgm-forum-cloud\/","name":"BGM Forum \/ Cloud - Die Brandengrabenm\u00fchle","isPartOf":{"@id":"https:\/\/brandengrabenmuehle.de\/#website"},"primaryImageOfPage":{"@id":"https:\/\/brandengrabenmuehle.de\/index.php\/freundeskreis-bgm\/bgm-forum-cloud\/#primaryimage"},"image":{"@id":"https:\/\/brandengrabenmuehle.de\/index.php\/freundeskreis-bgm\/bgm-forum-cloud\/#primaryimage"},"thumbnailUrl":"https:\/\/brandengrabenmuehle.de\/wp-content\/uploads\/2025\/09\/65479524-587d-4e5d-aeff-a4532d60e82d.png","datePublished":"2025-10-22T21:35:08+00:00","dateModified":"2025-11-08T20:11:40+00:00","breadcrumb":{"@id":"https:\/\/brandengrabenmuehle.de\/index.php\/freundeskreis-bgm\/bgm-forum-cloud\/#breadcrumb"},"inLanguage":"de","potentialAction":[{"@type":"ReadAction","target":["https:\/\/brandengrabenmuehle.de\/index.php\/freundeskreis-bgm\/bgm-forum-cloud\/"]}]},{"@type":"ImageObject","inLanguage":"de","@id":"https:\/\/brandengrabenmuehle.de\/index.php\/freundeskreis-bgm\/bgm-forum-cloud\/#primaryimage","url":"https:\/\/brandengrabenmuehle.de\/wp-content\/uploads\/2025\/09\/65479524-587d-4e5d-aeff-a4532d60e82d.png","contentUrl":"https:\/\/brandengrabenmuehle.de\/wp-content\/uploads\/2025\/09\/65479524-587d-4e5d-aeff-a4532d60e82d.png","width":1536,"height":1024},{"@type":"BreadcrumbList","@id":"https:\/\/brandengrabenmuehle.de\/index.php\/freundeskreis-bgm\/bgm-forum-cloud\/#breadcrumb","itemListElement":[{"@type":"ListItem","position":1,"name":"Startseite","item":"https:\/\/brandengrabenmuehle.de\/"},{"@type":"ListItem","position":2,"name":"Freundeskreis BGM e.V.","item":"https:\/\/brandengrabenmuehle.de\/index.php\/freundeskreis-bgm\/"},{"@type":"ListItem","position":3,"name":"BGM Forum \/ Cloud"}]},{"@type":"WebSite","@id":"https:\/\/brandengrabenmuehle.de\/#website","url":"https:\/\/brandengrabenmuehle.de\/","name":"Die Brandengrabenm\u00fchle","description":"Dein Ort der Begegnung und Inspiration","publisher":{"@id":"https:\/\/brandengrabenmuehle.de\/#organization"},"alternateName":"Freundeskreis Brandengrabenm\u00fchle e.V.","potentialAction":[{"@type":"SearchAction","target":{"@type":"EntryPoint","urlTemplate":"https:\/\/brandengrabenmuehle.de\/?s={search_term_string}"},"query-input":{"@type":"PropertyValueSpecification","valueRequired":true,"valueName":"search_term_string"}}],"inLanguage":"de"},{"@type":"Organization","@id":"https:\/\/brandengrabenmuehle.de\/#organization","name":"Die Brandengrabenm\u00fchle","alternateName":"Freundeskreis Brandengrabenm\u00fchle e.V.","url":"https:\/\/brandengrabenmuehle.de\/","logo":{"@type":"ImageObject","inLanguage":"de","@id":"https:\/\/brandengrabenmuehle.de\/#\/schema\/logo\/image\/","url":"https:\/\/brandengrabenmuehle.de\/wp-content\/uploads\/2025\/10\/favicon-Website-mit-weissem-schein.png","contentUrl":"https:\/\/brandengrabenmuehle.de\/wp-content\/uploads\/2025\/10\/favicon-Website-mit-weissem-schein.png","width":1024,"height":1024,"caption":"Die Brandengrabenm\u00fchle"},"image":{"@id":"https:\/\/brandengrabenmuehle.de\/#\/schema\/logo\/image\/"}}]}},"_links":{"self":[{"href":"https:\/\/brandengrabenmuehle.de\/index.php\/wp-json\/wp\/v2\/pages\/569","targetHints":{"allow":["GET"]}}],"collection":[{"href":"https:\/\/brandengrabenmuehle.de\/index.php\/wp-json\/wp\/v2\/pages"}],"about":[{"href":"https:\/\/brandengrabenmuehle.de\/index.php\/wp-json\/wp\/v2\/types\/page"}],"author":[{"embeddable":true,"href":"https:\/\/brandengrabenmuehle.de\/index.php\/wp-json\/wp\/v2\/users\/4"}],"replies":[{"embeddable":true,"href":"https:\/\/brandengrabenmuehle.de\/index.php\/wp-json\/wp\/v2\/comments?post=569"}],"version-history":[{"count":11,"href":"https:\/\/brandengrabenmuehle.de\/index.php\/wp-json\/wp\/v2\/pages\/569\/revisions"}],"predecessor-version":[{"id":989,"href":"https:\/\/brandengrabenmuehle.de\/index.php\/wp-json\/wp\/v2\/pages\/569\/revisions\/989"}],"up":[{"embeddable":true,"href":"https:\/\/brandengrabenmuehle.de\/index.php\/wp-json\/wp\/v2\/pages\/35"}],"wp:featuredmedia":[{"embeddable":true,"href":"https:\/\/brandengrabenmuehle.de\/index.php\/wp-json\/wp\/v2\/media\/189"}],"wp:attachment":[{"href":"https:\/\/brandengrabenmuehle.de\/index.php\/wp-json\/wp\/v2\/media?parent=569"}],"curies":[{"name":"wp","href":"https:\/\/api.w.org\/{rel}","templated":true}]}}