{"id":594,"date":"2025-10-22T23:34:48","date_gmt":"2025-10-22T21:34:48","guid":{"rendered":"https:\/\/brandengrabenmuehle.de\/?page_id=594"},"modified":"2025-11-08T21:04:51","modified_gmt":"2025-11-08T20:04:51","slug":"anmeldung","status":"publish","type":"page","link":"https:\/\/brandengrabenmuehle.de\/index.php\/freundeskreis-bgm\/anmeldung\/","title":{"rendered":"Anmeldung"},"content":{"rendered":"\n<h2 class=\"wp-block-heading has-text-align-center has-text-color has-link-color has-x-large-font-size wp-elements-87dbeb52d04eda88f6d561e54fe3afb3\" style=\"color:#e19639\">Anmeldung Mitglied <br>des &#8222;Freundeskreis BGM e.V.&#8220;<\/h2>\n\n\n\n<p class=\"has-text-align-center has-white-color has-text-color has-link-color has-large-font-size wp-elements-269c6017c2f8f0b01799071d258bba5b\"><br><strong>warst du schon einmal an der Brandengrabenm\u00fchle?<br>und m\u00f6chtest uns mit einer Mitgliedschaft unterst\u00fctzen?<\/strong><br><\/p>\n\n\n\n<p class=\"has-text-align-center has-text-color has-link-color has-x-large-font-size wp-elements-032bf9fbcb2d7ea29a1f68e08341fb1c\" style=\"color:#e19639\"><strong>Auswahl der Mitgliedschaft<\/strong><\/p>\n\n\n\n<p class=\"has-text-align-center has-text-color has-link-color has-large-font-size wp-elements-1671ec7d0da8aced0a686f29aeab5138\" style=\"color:#dded6b\"><strong>Wohlwollendes Mitglied<\/strong><\/p>\n\n\n\n<p class=\"has-text-align-center has-white-color has-text-color has-link-color has-medium-font-size wp-elements-d66c14fc3e02ca02ca93976c12571f3e\">Freiwillige, unterst\u00fctzende Mitgliedschaft <br>ohne rechtliche Verpflichtungen<br>Kein Mitgliedsbeitrag, <br>keine Arbeitsstunden erforderlich<br>Satzungsauszug: \u00a7\u00a7 7, 8, 10<br><\/p>\n\n\n\n<p class=\"has-text-align-center has-text-color has-link-color has-large-font-size wp-elements-4ccbbb609f8d5041c1e12911f86b98cd\" style=\"color:#dded6b\"><strong>Ordentliches Mitglied<\/strong><\/p>\n\n\n\n<p class=\"has-text-align-center has-white-color has-text-color has-link-color has-medium-font-size wp-elements-318333f2f09a7876d1451258d1eb943c\"><strong> Anerkennung der Vereinssatzung und Rechte <\/strong><br><strong>ordentlicher Mitglieder <br><br>Mindestbeitrag: 40 \u20ac j\u00e4hrlich <\/strong><br><strong>(f\u00e4llig bis 2. Januar eines Jahres,<br>Kontodaten unter Kontakt mit<br>Verwendungszweck: \u201eMitgliedschaft BGM e.V. (&#8222;Jahr&#8220;) <br><br>Pflicht: <em>__<\/em> Arbeitsstunden\/Monat <br>f\u00fcr Pflege und Instandhaltung gem\u00e4\u00df \u00a7 7 der Satzung<\/strong><br><br><\/p>\n\n\n\n<p class=\"has-text-align-center has-white-color has-text-color has-link-color has-small-font-size wp-elements-6741a48ac8d0434e78522713a7b546b8\"><em>Der Verein ist derzeit noch nicht als gemeinn\u00fctzig anerkannt. <br>Die Anerkennung der Gemeinn\u00fctzigkeit wird jedoch aktiv angestrebt <br>und befindet sich in Bearbeitung. <br>Das Amtsgericht hat die verlinkte Satzung des Vereins unter der <br>Registernummer: 21970<br>in das Vereinsregister eingetragen. <br>Die entsprechende Pr\u00fcfung durch das Finanzamt steht noch aus.<\/em><\/p>\n\n\n\n<h2 class=\"wp-block-heading has-text-align-center has-text-color has-link-color wp-elements-3a098502921bfb1d58e1115c9bc9769f\" style=\"color:#e19639\">Link zu Dokumenten<\/h2>\n\n\n\n<p class=\"has-text-align-center has-white-color has-text-color has-link-color wp-elements-d42cf9f88f746b549a2f112478dba507\"><strong>Die Anmeldung bitte herunterladen, in der Vorschau ist das Dokument nur zur Ansicht.<br>\u00d6ffnen mit einem PDF Programm oder App, l\u00e4sst sich diese ausf\u00fcllen.<\/strong><\/p>\n\n\n\n<div class=\"wp-block-buttons is-content-justification-center is-layout-flex wp-container-core-buttons-is-layout-a89b3969 wp-block-buttons-is-layout-flex\">\n<div class=\"wp-block-button is-style-fill\"><a class=\"wp-block-button__link has-background has-border-color wp-element-button\" href=\"https:\/\/cloud.bgm-ev.de\/index.php\/s\/MPF6eqrYAZLyTdL\" style=\"border-color:#446f45;border-width:2px;background-color:#57a58b\" target=\"_blank\" rel=\"noreferrer noopener\">Anmeldeformular als &#8222;PDF&#8220;<br>(ausf\u00fcllbar)<\/a><\/div>\n\n\n\n<div class=\"wp-block-button is-style-fill\"><a class=\"wp-block-button__link has-background has-border-color wp-element-button\" href=\"https:\/\/cloud.bgm-ev.de\/index.php\/s\/zFZWbFBdremFHS2\" style=\"border-color:#446f45;border-width:2px;background-color:#57a58b\">Satzung <br>des &#8222;Freundeskreis BGM e.V.&#8220;<\/a><\/div>\n<\/div>\n\n\n\n<p class=\"has-text-align-center has-white-color has-text-color has-link-color has-medium-font-size wp-elements-fbadb8f09dcf97b50e43461f40626491\"><strong>Anmeldungen digital: <a href=\"mailto:an@bgm-ev.de\">an@bgm-ev.de<\/a><br>Oder direkt an den Vorstand. <br>Die Anmeldung ist mit erhalt der Best\u00e4tigung vom Vorstand g\u00fcltig.<\/strong><br><\/p>\n\n\n\n<p class=\"has-text-align-center has-white-color has-text-color has-link-color wp-elements-235b88221f43617fe88ce7ef06c1237d\"><strong>Hier findest du unsere aktuelle Datenschutzerkl\u00e4rung <br>des &#8222;Freundeskreis BGM e.V.&#8220;<\/strong><\/p>\n\n\n\n<div class=\"wp-block-buttons is-content-justification-center is-layout-flex wp-container-core-buttons-is-layout-a89b3969 wp-block-buttons-is-layout-flex\">\n<div class=\"wp-block-button is-style-fill\"><a class=\"wp-block-button__link has-background has-border-color wp-element-button\" href=\"https:\/\/cloud.bgm-ev.de\/index.php\/s\/WZK43rX2KmQbQTb\" style=\"border-color:#446f45;border-width:2px;background-color:#57a58b\" target=\"_blank\" rel=\"noreferrer noopener\">Datenschutzerkl\u00e4rung<br>des &#8222;Freundeskreis BGM e.V.&#8220;<\/a><\/div>\n<\/div>\n\n\n\n<div class=\"wp-block-buttons is-content-justification-center is-layout-flex wp-container-core-buttons-is-layout-a89b3969 wp-block-buttons-is-layout-flex\">\n<div class=\"wp-block-button is-style-fill\"><a class=\"wp-block-button__link has-background has-border-color wp-element-button\" href=\"\/\" style=\"border-color:#446f45;border-width:2px;background-color:#57a58b\">Startseite<\/a><\/div>\n<\/div>\n\n\n\n<p><\/p>\n","protected":false},"excerpt":{"rendered":"<p>Anmeldung Mitglied des &#8222;Freundeskreis BGM e.V.&#8220; warst du schon einmal an der Brandengrabenm\u00fchle?und m\u00f6chtest uns mit einer Mitgliedschaft unterst\u00fctzen? Auswahl der Mitgliedschaft Wohlwollendes Mitglied Freiwillige, unterst\u00fctzende Mitgliedschaft ohne rechtliche VerpflichtungenKein Mitgliedsbeitrag, keine Arbeitsstunden erforderlichSatzungsauszug: \u00a7\u00a7 7, 8, 10 Ordentliches Mitglied Anerkennung der Vereinssatzung und Rechte ordentlicher Mitglieder Mindestbeitrag: 40 \u20ac j\u00e4hrlich (f\u00e4llig bis 2. Januar [&hellip;]<\/p>\n","protected":false},"author":4,"featured_media":77,"parent":35,"menu_order":0,"comment_status":"closed","ping_status":"closed","template":"","meta":{"pgc_sgb_lightbox_settings":"","footnotes":""},"class_list":["post-594","page","type-page","status-publish","has-post-thumbnail","hentry"],"yoast_head":"<!-- This site is optimized with the Yoast SEO plugin v27.3 - https:\/\/yoast.com\/product\/yoast-seo-wordpress\/ -->\n<title>Anmeldung - Die Brandengrabenm\u00fchle<\/title>\n<meta name=\"robots\" content=\"noindex, follow\" \/>\n<meta property=\"og:locale\" content=\"de_DE\" \/>\n<meta property=\"og:type\" content=\"article\" \/>\n<meta property=\"og:title\" content=\"Anmeldung - Die Brandengrabenm\u00fchle\" \/>\n<meta property=\"og:description\" content=\"Anmeldung Mitglied des &#8222;Freundeskreis BGM e.V.&#8220; warst du schon einmal an der Brandengrabenm\u00fchle?und m\u00f6chtest uns mit einer Mitgliedschaft unterst\u00fctzen? Auswahl der Mitgliedschaft Wohlwollendes Mitglied Freiwillige, unterst\u00fctzende Mitgliedschaft ohne rechtliche VerpflichtungenKein Mitgliedsbeitrag, keine Arbeitsstunden erforderlichSatzungsauszug: \u00a7\u00a7 7, 8, 10 Ordentliches Mitglied Anerkennung der Vereinssatzung und Rechte ordentlicher Mitglieder Mindestbeitrag: 40 \u20ac j\u00e4hrlich (f\u00e4llig bis 2. Januar [&hellip;]\" \/>\n<meta property=\"og:url\" content=\"https:\/\/brandengrabenmuehle.de\/index.php\/freundeskreis-bgm\/anmeldung\/\" \/>\n<meta property=\"og:site_name\" content=\"Die Brandengrabenm\u00fchle\" \/>\n<meta property=\"article:modified_time\" content=\"2025-11-08T20:04:51+00:00\" \/>\n<meta property=\"og:image\" content=\"https:\/\/brandengrabenmuehle.de\/wp-content\/uploads\/2025\/09\/20230528_050624.jpg\" \/>\n\t<meta property=\"og:image:width\" content=\"1903\" \/>\n\t<meta property=\"og:image:height\" content=\"889\" \/>\n\t<meta property=\"og:image:type\" content=\"image\/jpeg\" \/>\n<meta name=\"twitter:card\" content=\"summary_large_image\" \/>\n<meta name=\"twitter:label1\" content=\"Gesch\u00e4tzte Lesezeit\" \/>\n\t<meta name=\"twitter:data1\" content=\"2\u00a0Minuten\" \/>\n<script type=\"application\/ld+json\" class=\"yoast-schema-graph\">{\"@context\":\"https:\\\/\\\/schema.org\",\"@graph\":[{\"@type\":\"WebPage\",\"@id\":\"https:\\\/\\\/brandengrabenmuehle.de\\\/index.php\\\/freundeskreis-bgm\\\/anmeldung\\\/\",\"url\":\"https:\\\/\\\/brandengrabenmuehle.de\\\/index.php\\\/freundeskreis-bgm\\\/anmeldung\\\/\",\"name\":\"Anmeldung - Die Brandengrabenm\u00fchle\",\"isPartOf\":{\"@id\":\"https:\\\/\\\/brandengrabenmuehle.de\\\/#website\"},\"primaryImageOfPage\":{\"@id\":\"https:\\\/\\\/brandengrabenmuehle.de\\\/index.php\\\/freundeskreis-bgm\\\/anmeldung\\\/#primaryimage\"},\"image\":{\"@id\":\"https:\\\/\\\/brandengrabenmuehle.de\\\/index.php\\\/freundeskreis-bgm\\\/anmeldung\\\/#primaryimage\"},\"thumbnailUrl\":\"https:\\\/\\\/brandengrabenmuehle.de\\\/wp-content\\\/uploads\\\/2025\\\/09\\\/20230528_050624.jpg\",\"datePublished\":\"2025-10-22T21:34:48+00:00\",\"dateModified\":\"2025-11-08T20:04:51+00:00\",\"breadcrumb\":{\"@id\":\"https:\\\/\\\/brandengrabenmuehle.de\\\/index.php\\\/freundeskreis-bgm\\\/anmeldung\\\/#breadcrumb\"},\"inLanguage\":\"de\",\"potentialAction\":[{\"@type\":\"ReadAction\",\"target\":[\"https:\\\/\\\/brandengrabenmuehle.de\\\/index.php\\\/freundeskreis-bgm\\\/anmeldung\\\/\"]}]},{\"@type\":\"ImageObject\",\"inLanguage\":\"de\",\"@id\":\"https:\\\/\\\/brandengrabenmuehle.de\\\/index.php\\\/freundeskreis-bgm\\\/anmeldung\\\/#primaryimage\",\"url\":\"https:\\\/\\\/brandengrabenmuehle.de\\\/wp-content\\\/uploads\\\/2025\\\/09\\\/20230528_050624.jpg\",\"contentUrl\":\"https:\\\/\\\/brandengrabenmuehle.de\\\/wp-content\\\/uploads\\\/2025\\\/09\\\/20230528_050624.jpg\",\"width\":1903,\"height\":889},{\"@type\":\"BreadcrumbList\",\"@id\":\"https:\\\/\\\/brandengrabenmuehle.de\\\/index.php\\\/freundeskreis-bgm\\\/anmeldung\\\/#breadcrumb\",\"itemListElement\":[{\"@type\":\"ListItem\",\"position\":1,\"name\":\"Startseite\",\"item\":\"https:\\\/\\\/brandengrabenmuehle.de\\\/\"},{\"@type\":\"ListItem\",\"position\":2,\"name\":\"Freundeskreis BGM e.V.\",\"item\":\"https:\\\/\\\/brandengrabenmuehle.de\\\/index.php\\\/freundeskreis-bgm\\\/\"},{\"@type\":\"ListItem\",\"position\":3,\"name\":\"Anmeldung\"}]},{\"@type\":\"WebSite\",\"@id\":\"https:\\\/\\\/brandengrabenmuehle.de\\\/#website\",\"url\":\"https:\\\/\\\/brandengrabenmuehle.de\\\/\",\"name\":\"Die Brandengrabenm\u00fchle\",\"description\":\"Dein Ort der Begegnung und Inspiration\",\"publisher\":{\"@id\":\"https:\\\/\\\/brandengrabenmuehle.de\\\/#organization\"},\"alternateName\":\"Freundeskreis Brandengrabenm\u00fchle e.V.\",\"potentialAction\":[{\"@type\":\"SearchAction\",\"target\":{\"@type\":\"EntryPoint\",\"urlTemplate\":\"https:\\\/\\\/brandengrabenmuehle.de\\\/?s={search_term_string}\"},\"query-input\":{\"@type\":\"PropertyValueSpecification\",\"valueRequired\":true,\"valueName\":\"search_term_string\"}}],\"inLanguage\":\"de\"},{\"@type\":\"Organization\",\"@id\":\"https:\\\/\\\/brandengrabenmuehle.de\\\/#organization\",\"name\":\"Die Brandengrabenm\u00fchle\",\"alternateName\":\"Freundeskreis Brandengrabenm\u00fchle e.V.\",\"url\":\"https:\\\/\\\/brandengrabenmuehle.de\\\/\",\"logo\":{\"@type\":\"ImageObject\",\"inLanguage\":\"de\",\"@id\":\"https:\\\/\\\/brandengrabenmuehle.de\\\/#\\\/schema\\\/logo\\\/image\\\/\",\"url\":\"https:\\\/\\\/brandengrabenmuehle.de\\\/wp-content\\\/uploads\\\/2025\\\/10\\\/favicon-Website-mit-weissem-schein.png\",\"contentUrl\":\"https:\\\/\\\/brandengrabenmuehle.de\\\/wp-content\\\/uploads\\\/2025\\\/10\\\/favicon-Website-mit-weissem-schein.png\",\"width\":1024,\"height\":1024,\"caption\":\"Die Brandengrabenm\u00fchle\"},\"image\":{\"@id\":\"https:\\\/\\\/brandengrabenmuehle.de\\\/#\\\/schema\\\/logo\\\/image\\\/\"}}]}<\/script>\n<!-- \/ Yoast SEO plugin. -->","yoast_head_json":{"title":"Anmeldung - Die Brandengrabenm\u00fchle","robots":{"index":"noindex","follow":"follow"},"og_locale":"de_DE","og_type":"article","og_title":"Anmeldung - Die Brandengrabenm\u00fchle","og_description":"Anmeldung Mitglied des &#8222;Freundeskreis BGM e.V.&#8220; warst du schon einmal an der Brandengrabenm\u00fchle?und m\u00f6chtest uns mit einer Mitgliedschaft unterst\u00fctzen? Auswahl der Mitgliedschaft Wohlwollendes Mitglied Freiwillige, unterst\u00fctzende Mitgliedschaft ohne rechtliche VerpflichtungenKein Mitgliedsbeitrag, keine Arbeitsstunden erforderlichSatzungsauszug: \u00a7\u00a7 7, 8, 10 Ordentliches Mitglied Anerkennung der Vereinssatzung und Rechte ordentlicher Mitglieder Mindestbeitrag: 40 \u20ac j\u00e4hrlich (f\u00e4llig bis 2. Januar [&hellip;]","og_url":"https:\/\/brandengrabenmuehle.de\/index.php\/freundeskreis-bgm\/anmeldung\/","og_site_name":"Die Brandengrabenm\u00fchle","article_modified_time":"2025-11-08T20:04:51+00:00","og_image":[{"width":1903,"height":889,"url":"https:\/\/brandengrabenmuehle.de\/wp-content\/uploads\/2025\/09\/20230528_050624.jpg","type":"image\/jpeg"}],"twitter_card":"summary_large_image","twitter_misc":{"Gesch\u00e4tzte Lesezeit":"2\u00a0Minuten"},"schema":{"@context":"https:\/\/schema.org","@graph":[{"@type":"WebPage","@id":"https:\/\/brandengrabenmuehle.de\/index.php\/freundeskreis-bgm\/anmeldung\/","url":"https:\/\/brandengrabenmuehle.de\/index.php\/freundeskreis-bgm\/anmeldung\/","name":"Anmeldung - Die Brandengrabenm\u00fchle","isPartOf":{"@id":"https:\/\/brandengrabenmuehle.de\/#website"},"primaryImageOfPage":{"@id":"https:\/\/brandengrabenmuehle.de\/index.php\/freundeskreis-bgm\/anmeldung\/#primaryimage"},"image":{"@id":"https:\/\/brandengrabenmuehle.de\/index.php\/freundeskreis-bgm\/anmeldung\/#primaryimage"},"thumbnailUrl":"https:\/\/brandengrabenmuehle.de\/wp-content\/uploads\/2025\/09\/20230528_050624.jpg","datePublished":"2025-10-22T21:34:48+00:00","dateModified":"2025-11-08T20:04:51+00:00","breadcrumb":{"@id":"https:\/\/brandengrabenmuehle.de\/index.php\/freundeskreis-bgm\/anmeldung\/#breadcrumb"},"inLanguage":"de","potentialAction":[{"@type":"ReadAction","target":["https:\/\/brandengrabenmuehle.de\/index.php\/freundeskreis-bgm\/anmeldung\/"]}]},{"@type":"ImageObject","inLanguage":"de","@id":"https:\/\/brandengrabenmuehle.de\/index.php\/freundeskreis-bgm\/anmeldung\/#primaryimage","url":"https:\/\/brandengrabenmuehle.de\/wp-content\/uploads\/2025\/09\/20230528_050624.jpg","contentUrl":"https:\/\/brandengrabenmuehle.de\/wp-content\/uploads\/2025\/09\/20230528_050624.jpg","width":1903,"height":889},{"@type":"BreadcrumbList","@id":"https:\/\/brandengrabenmuehle.de\/index.php\/freundeskreis-bgm\/anmeldung\/#breadcrumb","itemListElement":[{"@type":"ListItem","position":1,"name":"Startseite","item":"https:\/\/brandengrabenmuehle.de\/"},{"@type":"ListItem","position":2,"name":"Freundeskreis BGM e.V.","item":"https:\/\/brandengrabenmuehle.de\/index.php\/freundeskreis-bgm\/"},{"@type":"ListItem","position":3,"name":"Anmeldung"}]},{"@type":"WebSite","@id":"https:\/\/brandengrabenmuehle.de\/#website","url":"https:\/\/brandengrabenmuehle.de\/","name":"Die Brandengrabenm\u00fchle","description":"Dein Ort der Begegnung und Inspiration","publisher":{"@id":"https:\/\/brandengrabenmuehle.de\/#organization"},"alternateName":"Freundeskreis Brandengrabenm\u00fchle e.V.","potentialAction":[{"@type":"SearchAction","target":{"@type":"EntryPoint","urlTemplate":"https:\/\/brandengrabenmuehle.de\/?s={search_term_string}"},"query-input":{"@type":"PropertyValueSpecification","valueRequired":true,"valueName":"search_term_string"}}],"inLanguage":"de"},{"@type":"Organization","@id":"https:\/\/brandengrabenmuehle.de\/#organization","name":"Die Brandengrabenm\u00fchle","alternateName":"Freundeskreis Brandengrabenm\u00fchle e.V.","url":"https:\/\/brandengrabenmuehle.de\/","logo":{"@type":"ImageObject","inLanguage":"de","@id":"https:\/\/brandengrabenmuehle.de\/#\/schema\/logo\/image\/","url":"https:\/\/brandengrabenmuehle.de\/wp-content\/uploads\/2025\/10\/favicon-Website-mit-weissem-schein.png","contentUrl":"https:\/\/brandengrabenmuehle.de\/wp-content\/uploads\/2025\/10\/favicon-Website-mit-weissem-schein.png","width":1024,"height":1024,"caption":"Die Brandengrabenm\u00fchle"},"image":{"@id":"https:\/\/brandengrabenmuehle.de\/#\/schema\/logo\/image\/"}}]}},"_links":{"self":[{"href":"https:\/\/brandengrabenmuehle.de\/index.php\/wp-json\/wp\/v2\/pages\/594","targetHints":{"allow":["GET"]}}],"collection":[{"href":"https:\/\/brandengrabenmuehle.de\/index.php\/wp-json\/wp\/v2\/pages"}],"about":[{"href":"https:\/\/brandengrabenmuehle.de\/index.php\/wp-json\/wp\/v2\/types\/page"}],"author":[{"embeddable":true,"href":"https:\/\/brandengrabenmuehle.de\/index.php\/wp-json\/wp\/v2\/users\/4"}],"replies":[{"embeddable":true,"href":"https:\/\/brandengrabenmuehle.de\/index.php\/wp-json\/wp\/v2\/comments?post=594"}],"version-history":[{"count":19,"href":"https:\/\/brandengrabenmuehle.de\/index.php\/wp-json\/wp\/v2\/pages\/594\/revisions"}],"predecessor-version":[{"id":988,"href":"https:\/\/brandengrabenmuehle.de\/index.php\/wp-json\/wp\/v2\/pages\/594\/revisions\/988"}],"up":[{"embeddable":true,"href":"https:\/\/brandengrabenmuehle.de\/index.php\/wp-json\/wp\/v2\/pages\/35"}],"wp:featuredmedia":[{"embeddable":true,"href":"https:\/\/brandengrabenmuehle.de\/index.php\/wp-json\/wp\/v2\/media\/77"}],"wp:attachment":[{"href":"https:\/\/brandengrabenmuehle.de\/index.php\/wp-json\/wp\/v2\/media?parent=594"}],"curies":[{"name":"wp","href":"https:\/\/api.w.org\/{rel}","templated":true}]}}