{"id":88,"date":"2025-09-03T09:53:10","date_gmt":"2025-09-03T07:53:10","guid":{"rendered":"https:\/\/dev.xn--brandengrabenmhle-g3b.de\/?page_id=88"},"modified":"2025-11-08T21:02:26","modified_gmt":"2025-11-08T20:02:26","slug":"geschichte","status":"publish","type":"page","link":"https:\/\/brandengrabenmuehle.de\/index.php\/brandengrabenmuehle\/geschichte\/","title":{"rendered":"Die Geschichte der Brandengrabenm\u00fchle"},"content":{"rendered":"\n<div class=\"wp-block-group is-layout-constrained wp-container-core-group-is-layout-1c2ac5aa wp-block-group-is-layout-constrained\">\n<p class=\"has-text-align-center has-white-color has-text-color has-link-color wp-elements-ed6918ec93df2284321e68a4fb47278d\"><strong>Leider sind sehr viele historische Ereignisse sehr verschwommen oder noch unbekannt<br>Sie werden nach neusten Erkenntnissen aktualisiert<\/strong><br><\/p>\n\n\n\n<p class=\"has-text-align-center has-text-color has-link-color has-large-font-size wp-elements-fe0b8c675911f03e4cd5de108eb9c616\" style=\"color:#fbeb58\"><em>ca. &#8230;&#8230;.<\/em><\/p>\n\n\n\n<p class=\"has-text-align-center has-white-color has-text-color has-link-color wp-elements-7e7fea825c9e103ce84d84b6ae587420\">Erbaut<\/p>\n\n\n\n<p class=\"has-text-align-center has-white-color has-text-color has-link-color has-large-font-size wp-elements-71eaa753d076c3dedca759b9e92827f7\"><strong>:<\/strong><\/p>\n\n\n\n<p class=\"has-text-align-center has-text-color has-link-color has-large-font-size wp-elements-ec165e0d77619251790dc987535b74b6\" style=\"color:#fbeb58\"><em>ca. <\/em>&#8230;&#8230;.<\/p>\n\n\n\n<p class=\"has-text-align-center has-white-color has-text-color has-link-color wp-elements-c8d96b40d72ac81afb394f9eeff7dd0b\">Wiederaufbau durch &#8222;XY&#8220;<\/p>\n\n\n\n<p class=\"has-text-align-center has-white-color has-text-color has-link-color has-large-font-size wp-elements-71eaa753d076c3dedca759b9e92827f7\"><strong>:<\/strong><\/p>\n\n\n\n<p class=\"has-text-align-center has-text-color has-link-color has-large-font-size wp-elements-f1b1878936c82e52e850051f22c54330\" style=\"color:#fbeb58\"><strong><em>2007<\/em><\/strong><\/p>\n\n\n\n<p class=\"has-text-align-center has-white-color has-text-color has-link-color wp-elements-323082b10742de4fb078579f4c2d4009\">J\u00fcrgen Hertrich verlie\u00df 2007 seine Heimat, \u201eden Ruhrpott\u201c, um das stressbelastete und hektische Leben der Gro\u00dfstadt hinter sich zu lassen. <br>Das Ziel: ein \u201eeinfaches Leben\u201c, dass seinem angeborenen Pragmatismus und handwerklichen Talent entspricht. <br>Die damals leerstehende Brandengrabenm\u00fchle mit ihrer idyllischen und abgeschiedenen Lage schien sofort wie geschaffen daf\u00fcr. <br>Sie wurde gepachtet und zun\u00e4chst als bereits bestehender gastronomischer Betrieb zur Einkehr von Wanderern weitergef\u00fchrt. <br>Bereits nach kurzer Zeit allerdings stellte sich heraus, dass der Platz nicht zur Nutzung im Sinne von Massenveranstaltungen geeignet war. Erstens also kommt es anders und zweitens als man denkt &#8211; so ging es mit einem notwendigen Wandel weiter&#8230;<\/p>\n<\/div>\n\n\n\n<p class=\"has-text-align-center has-white-color has-text-color has-link-color has-large-font-size wp-elements-71eaa753d076c3dedca759b9e92827f7\"><strong>:<\/strong><\/p>\n\n\n\n<p class=\"has-text-align-center has-text-color has-link-color has-large-font-size wp-elements-8a54b3efe1c6008326fadbb9ea916971\" style=\"color:#fbeb58\"><strong><em>2021\/2022<\/em><\/strong><\/p>\n\n\n\n<p class=\"has-text-align-center has-white-color has-text-color has-link-color wp-elements-678eb0baedee0829678f89ec68d768e8\">Der Verein \u201eFreundeskreis Brandengrabenm\u00fchle e.V.\u201c<br>wurde gegr\u00fcndet, um diesen Raum weiter zu erhalten und zu gestalten. <br>Hier haben Menschen die M\u00f6glichkeit, ihre F\u00e4higkeiten und Talente zu teilen und sich auf ihrem pers\u00f6nlichen Weg weiterzuentwickeln.<br><br>Die lange Tradition der Wanderer Einkehr in der M\u00fchle musste allerdings dadurch nicht gebrochen werden. <br>Durch den Zuspruch und das Verst\u00e4ndnis Vieler konnte die M\u00fchle weiterhin der \u00d6ffentlichkeit zur Verf\u00fcgung stehen. <br>Es hat sich ein Freundeskreis aus unterschiedlichen Menschen gefunden, der den Platz individuell zu sch\u00e4tzen wei\u00df <br>und der Verein \u201eFreundeskreis Brandengrabenm\u00fchle e. V.\u201c entstand. So haben Wanderer weiterhin die M\u00f6glichkeit zur Einkehr.<\/p>\n\n\n\n<p class=\"has-text-align-center has-white-color has-text-color has-link-color has-large-font-size wp-elements-71eaa753d076c3dedca759b9e92827f7\"><strong>:<\/strong><\/p>\n\n\n\n<p class=\"has-text-align-center has-text-color has-link-color has-large-font-size wp-elements-220a57bd088e906a2b6c874d1ed7d714\" style=\"color:#fbeb58\"><strong><em>Heute <\/em><\/strong><\/p>\n\n\n\n<p class=\"has-text-align-center has-white-color has-text-color has-link-color wp-elements-865f02ab3b2d84333b5307045dc0cb92\">ist die M\u00fchle ein Ort, an dem Menschen aus verschiedenen Lebensbereichen zusammenkommen, <br>sich austauschen und voneinander lernen k\u00f6nnen&#8230;<br><br>Die Mitglieder, Besucher und Freunde haben dabei ganz unterschiedliche Lebenshintergr\u00fcnde, <br>es sind alle Altersgruppen vertreten.<br>Verst\u00e4ndnis und Wohlwollen stellen unsere Basis sicher.<br><br>Beides ben\u00f6tigen wir im besonderen Ma\u00dfe f\u00fcr die Wartung der grundlegenden Infrastruktur, <br>wie z.B. sanit\u00e4re Anlagen, Einrichtung der gemeinsam genutzten R\u00e4umlichkeiten sowie Au\u00dfenanlagen und andere entsprechende Zwecke. N\u00e4here Informationen dazu findet Ihr in der Satzung des Vereins \u201eFreunde der Brandengrabenm\u00fchle e. V.\u201c.<br>Menschen d\u00fcrfen den zur Verf\u00fcgung gestellten Freiraum eigenverantwortlich nutzen, Vielfalt und Authentizit\u00e4t k\u00f6nnen so gedeihen.<\/p>\n\n\n\n<p class=\"has-text-align-center has-text-color has-link-color has-large-font-size wp-elements-a4c2cac7ab8502f373d6a6bbe8da6ecf\" style=\"color:#fbeb58\"><br><em><strong>zum Verein<\/strong><\/em><\/p>\n\n\n\n<p class=\"has-text-align-center has-white-color has-text-color has-link-color wp-elements-6f75a6981f13ebc34bb478d621bea788\"><em>Der Verein ist derzeit noch nicht als gemeinn\u00fctzig anerkannt. Die Anerkennung der Gemeinn\u00fctzigkeit <br>wird jedoch aktiv angestrebt und befindet sich in Bearbeitung. <br>Das Amtsgericht hat die verlinkte Satzung des Vereins unter der <br>Registernummer: 21970 in das Vereinsregister eingetragen. <br>Die entsprechende Pr\u00fcfung durch das Finanzamt steht noch aus.<\/em><br><\/p>\n\n\n\n<div class=\"wp-block-buttons is-content-justification-center is-layout-flex wp-container-core-buttons-is-layout-a89b3969 wp-block-buttons-is-layout-flex\">\n<div class=\"wp-block-button is-style-fill\"><a class=\"wp-block-button__link has-background has-border-color wp-element-button\" href=\"\/index.php\/brandengrabenmuehle\/galerie\/\" style=\"border-color:#446f45;border-width:2px;background-color:#57a58b\">zur BGM <br>Bilder Galerie<\/a><\/div>\n\n\n\n<div class=\"wp-block-button is-style-fill\"><a class=\"wp-block-button__link has-background has-border-color wp-element-button\" href=\"\/index.php\/freundeskreis-bgm\/\" style=\"border-color:#446f45;border-width:2px;background-color:#57a58b\">zum Verein<br>&#8222;Freundeskreis BGM e.V.&#8220;<\/a><\/div>\n<\/div>\n\n\n\n<div class=\"wp-block-group is-layout-constrained wp-container-core-group-is-layout-1c2ac5aa wp-block-group-is-layout-constrained\"><\/div>\n\n\n\n<div class=\"wp-block-group is-layout-constrained wp-container-core-group-is-layout-a4f894aa wp-block-group-is-layout-constrained\" style=\"margin-top:var(--wp--preset--spacing--30);margin-bottom:var(--wp--preset--spacing--30)\">\n<figure class=\"wp-block-gallery has-nested-images columns-default is-cropped wp-block-gallery-1 is-layout-flex wp-block-gallery-is-layout-flex\">\n<figure class=\"wp-block-image size-large\"><img loading=\"lazy\" decoding=\"async\" width=\"1024\" height=\"478\" data-id=\"81\" src=\"https:\/\/brandengrabenmuehle.de\/wp-content\/uploads\/2025\/09\/20231028_122238-1024x478.jpg\" alt=\"\" class=\"wp-image-81\" srcset=\"https:\/\/brandengrabenmuehle.de\/wp-content\/uploads\/2025\/09\/20231028_122238-1024x478.jpg 1024w, https:\/\/brandengrabenmuehle.de\/wp-content\/uploads\/2025\/09\/20231028_122238-300x140.jpg 300w, https:\/\/brandengrabenmuehle.de\/wp-content\/uploads\/2025\/09\/20231028_122238-768x359.jpg 768w, https:\/\/brandengrabenmuehle.de\/wp-content\/uploads\/2025\/09\/20231028_122238-1536x718.jpg 1536w, https:\/\/brandengrabenmuehle.de\/wp-content\/uploads\/2025\/09\/20231028_122238.jpg 1903w\" sizes=\"auto, (max-width: 1024px) 100vw, 1024px\" \/><\/figure>\n\n\n\n<figure class=\"wp-block-image size-large\"><img loading=\"lazy\" decoding=\"async\" width=\"768\" height=\"1024\" data-id=\"196\" src=\"https:\/\/brandengrabenmuehle.de\/wp-content\/uploads\/2025\/09\/photo_2022-06-13_13-59-10-768x1024.jpg\" alt=\"\" class=\"wp-image-196\" srcset=\"https:\/\/brandengrabenmuehle.de\/wp-content\/uploads\/2025\/09\/photo_2022-06-13_13-59-10-768x1024.jpg 768w, https:\/\/brandengrabenmuehle.de\/wp-content\/uploads\/2025\/09\/photo_2022-06-13_13-59-10-225x300.jpg 225w, https:\/\/brandengrabenmuehle.de\/wp-content\/uploads\/2025\/09\/photo_2022-06-13_13-59-10.jpg 960w\" sizes=\"auto, (max-width: 768px) 100vw, 768px\" \/><\/figure>\n<\/figure>\n\n\n\n<figure class=\"wp-block-gallery has-nested-images columns-default is-cropped wp-block-gallery-2 is-layout-flex wp-block-gallery-is-layout-flex\">\n<figure class=\"wp-block-image size-large\"><img loading=\"lazy\" decoding=\"async\" width=\"768\" height=\"1024\" data-id=\"182\" src=\"https:\/\/brandengrabenmuehle.de\/wp-content\/uploads\/2025\/09\/20210405_104733-768x1024.jpg\" alt=\"\" class=\"wp-image-182\" srcset=\"https:\/\/brandengrabenmuehle.de\/wp-content\/uploads\/2025\/09\/20210405_104733-768x1024.jpg 768w, https:\/\/brandengrabenmuehle.de\/wp-content\/uploads\/2025\/09\/20210405_104733-225x300.jpg 225w, https:\/\/brandengrabenmuehle.de\/wp-content\/uploads\/2025\/09\/20210405_104733-1152x1536.jpg 1152w, https:\/\/brandengrabenmuehle.de\/wp-content\/uploads\/2025\/09\/20210405_104733-1536x2048.jpg 1536w, https:\/\/brandengrabenmuehle.de\/wp-content\/uploads\/2025\/09\/20210405_104733-scaled.jpg 1920w\" sizes=\"auto, (max-width: 768px) 100vw, 768px\" \/><\/figure>\n\n\n\n<figure class=\"wp-block-image size-large is-style-default\"><img loading=\"lazy\" decoding=\"async\" width=\"1024\" height=\"768\" data-id=\"176\" src=\"https:\/\/brandengrabenmuehle.de\/wp-content\/uploads\/2025\/09\/20210405_104601-1024x768.jpg\" alt=\"\" class=\"wp-image-176\" srcset=\"https:\/\/brandengrabenmuehle.de\/wp-content\/uploads\/2025\/09\/20210405_104601-1024x768.jpg 1024w, https:\/\/brandengrabenmuehle.de\/wp-content\/uploads\/2025\/09\/20210405_104601-300x225.jpg 300w, https:\/\/brandengrabenmuehle.de\/wp-content\/uploads\/2025\/09\/20210405_104601-768x576.jpg 768w, https:\/\/brandengrabenmuehle.de\/wp-content\/uploads\/2025\/09\/20210405_104601-1536x1152.jpg 1536w, https:\/\/brandengrabenmuehle.de\/wp-content\/uploads\/2025\/09\/20210405_104601-2048x1536.jpg 2048w\" sizes=\"auto, (max-width: 1024px) 100vw, 1024px\" \/><\/figure>\n<\/figure>\n<\/div>\n\n\n\n<div class=\"wp-block-buttons is-content-justification-center is-layout-flex wp-container-core-buttons-is-layout-a89b3969 wp-block-buttons-is-layout-flex\">\n<div class=\"wp-block-button\"><a class=\"wp-block-button__link wp-element-button\" href=\"\/\">Startseite<\/a><\/div>\n<\/div>\n\n\n\n<div style=\"height:100px\" aria-hidden=\"true\" class=\"wp-block-spacer\"><\/div>\n\n\n\n<p><\/p>\n","protected":false},"excerpt":{"rendered":"<p>Leider sind sehr viele historische Ereignisse sehr verschwommen oder noch unbekanntSie werden nach neusten Erkenntnissen aktualisiert ca. &#8230;&#8230;. Erbaut : ca. &#8230;&#8230;. Wiederaufbau durch &#8222;XY&#8220; : 2007 J\u00fcrgen Hertrich verlie\u00df 2007 seine Heimat, \u201eden Ruhrpott\u201c, um das stressbelastete und hektische Leben der Gro\u00dfstadt hinter sich zu lassen. Das Ziel: ein \u201eeinfaches Leben\u201c, dass seinem angeborenen [&hellip;]<\/p>\n","protected":false},"author":1,"featured_media":79,"parent":525,"menu_order":0,"comment_status":"closed","ping_status":"closed","template":"","meta":{"pgc_sgb_lightbox_settings":"","footnotes":""},"class_list":["post-88","page","type-page","status-publish","has-post-thumbnail","hentry"],"yoast_head":"<!-- This site is optimized with the Yoast SEO plugin v27.3 - https:\/\/yoast.com\/product\/yoast-seo-wordpress\/ -->\n<title>Die Geschichte der Brandengrabenm\u00fchle<\/title>\n<meta name=\"description\" content=\"Die Brandengrabenm\u00fchle erz\u00e4hlt von Gemeinschaft und R\u00fcckzug. Lese die Geschichte und das Konzept hinter diesem besonderen Ort.\" \/>\n<meta name=\"robots\" content=\"noindex, follow\" \/>\n<meta property=\"og:locale\" content=\"de_DE\" \/>\n<meta property=\"og:type\" content=\"article\" \/>\n<meta property=\"og:title\" content=\"Die Geschichte der Brandengrabenm\u00fchle\" \/>\n<meta property=\"og:description\" content=\"Die Brandengrabenm\u00fchle erz\u00e4hlt von Gemeinschaft und R\u00fcckzug. Lese die Geschichte und das Konzept hinter diesem besonderen Ort.\" \/>\n<meta property=\"og:url\" content=\"https:\/\/brandengrabenmuehle.de\/index.php\/brandengrabenmuehle\/geschichte\/\" \/>\n<meta property=\"og:site_name\" content=\"Die Brandengrabenm\u00fchle\" \/>\n<meta property=\"article:modified_time\" content=\"2025-11-08T20:02:26+00:00\" \/>\n<meta property=\"og:image\" content=\"https:\/\/brandengrabenmuehle.de\/wp-content\/uploads\/2025\/09\/20230729_090106.jpg\" \/>\n\t<meta property=\"og:image:width\" content=\"1903\" \/>\n\t<meta property=\"og:image:height\" content=\"889\" \/>\n\t<meta property=\"og:image:type\" content=\"image\/jpeg\" \/>\n<meta name=\"twitter:card\" content=\"summary_large_image\" \/>\n<meta name=\"twitter:label1\" content=\"Gesch\u00e4tzte Lesezeit\" \/>\n\t<meta name=\"twitter:data1\" content=\"4\u00a0Minuten\" \/>\n<script type=\"application\/ld+json\" class=\"yoast-schema-graph\">{\"@context\":\"https:\\\/\\\/schema.org\",\"@graph\":[{\"@type\":\"WebPage\",\"@id\":\"https:\\\/\\\/brandengrabenmuehle.de\\\/index.php\\\/brandengrabenmuehle\\\/geschichte\\\/\",\"url\":\"https:\\\/\\\/brandengrabenmuehle.de\\\/index.php\\\/brandengrabenmuehle\\\/geschichte\\\/\",\"name\":\"Die Geschichte der Brandengrabenm\u00fchle\",\"isPartOf\":{\"@id\":\"https:\\\/\\\/brandengrabenmuehle.de\\\/#website\"},\"primaryImageOfPage\":{\"@id\":\"https:\\\/\\\/brandengrabenmuehle.de\\\/index.php\\\/brandengrabenmuehle\\\/geschichte\\\/#primaryimage\"},\"image\":{\"@id\":\"https:\\\/\\\/brandengrabenmuehle.de\\\/index.php\\\/brandengrabenmuehle\\\/geschichte\\\/#primaryimage\"},\"thumbnailUrl\":\"https:\\\/\\\/brandengrabenmuehle.de\\\/wp-content\\\/uploads\\\/2025\\\/09\\\/20230729_090106.jpg\",\"datePublished\":\"2025-09-03T07:53:10+00:00\",\"dateModified\":\"2025-11-08T20:02:26+00:00\",\"description\":\"Die Brandengrabenm\u00fchle erz\u00e4hlt von Gemeinschaft und R\u00fcckzug. Lese die Geschichte und das Konzept hinter diesem besonderen Ort.\",\"breadcrumb\":{\"@id\":\"https:\\\/\\\/brandengrabenmuehle.de\\\/index.php\\\/brandengrabenmuehle\\\/geschichte\\\/#breadcrumb\"},\"inLanguage\":\"de\",\"potentialAction\":[{\"@type\":\"ReadAction\",\"target\":[\"https:\\\/\\\/brandengrabenmuehle.de\\\/index.php\\\/brandengrabenmuehle\\\/geschichte\\\/\"]}]},{\"@type\":\"ImageObject\",\"inLanguage\":\"de\",\"@id\":\"https:\\\/\\\/brandengrabenmuehle.de\\\/index.php\\\/brandengrabenmuehle\\\/geschichte\\\/#primaryimage\",\"url\":\"https:\\\/\\\/brandengrabenmuehle.de\\\/wp-content\\\/uploads\\\/2025\\\/09\\\/20230729_090106.jpg\",\"contentUrl\":\"https:\\\/\\\/brandengrabenmuehle.de\\\/wp-content\\\/uploads\\\/2025\\\/09\\\/20230729_090106.jpg\",\"width\":1903,\"height\":889},{\"@type\":\"BreadcrumbList\",\"@id\":\"https:\\\/\\\/brandengrabenmuehle.de\\\/index.php\\\/brandengrabenmuehle\\\/geschichte\\\/#breadcrumb\",\"itemListElement\":[{\"@type\":\"ListItem\",\"position\":1,\"name\":\"Startseite\",\"item\":\"https:\\\/\\\/brandengrabenmuehle.de\\\/\"},{\"@type\":\"ListItem\",\"position\":2,\"name\":\"Brandengrabenm\u00fchle\",\"item\":\"https:\\\/\\\/brandengrabenmuehle.de\\\/index.php\\\/brandengrabenmuehle\\\/\"},{\"@type\":\"ListItem\",\"position\":3,\"name\":\"Die Geschichte der Brandengrabenm\u00fchle\"}]},{\"@type\":\"WebSite\",\"@id\":\"https:\\\/\\\/brandengrabenmuehle.de\\\/#website\",\"url\":\"https:\\\/\\\/brandengrabenmuehle.de\\\/\",\"name\":\"Die Brandengrabenm\u00fchle\",\"description\":\"Dein Ort der Begegnung und Inspiration\",\"publisher\":{\"@id\":\"https:\\\/\\\/brandengrabenmuehle.de\\\/#organization\"},\"alternateName\":\"Freundeskreis Brandengrabenm\u00fchle e.V.\",\"potentialAction\":[{\"@type\":\"SearchAction\",\"target\":{\"@type\":\"EntryPoint\",\"urlTemplate\":\"https:\\\/\\\/brandengrabenmuehle.de\\\/?s={search_term_string}\"},\"query-input\":{\"@type\":\"PropertyValueSpecification\",\"valueRequired\":true,\"valueName\":\"search_term_string\"}}],\"inLanguage\":\"de\"},{\"@type\":\"Organization\",\"@id\":\"https:\\\/\\\/brandengrabenmuehle.de\\\/#organization\",\"name\":\"Die Brandengrabenm\u00fchle\",\"alternateName\":\"Freundeskreis Brandengrabenm\u00fchle e.V.\",\"url\":\"https:\\\/\\\/brandengrabenmuehle.de\\\/\",\"logo\":{\"@type\":\"ImageObject\",\"inLanguage\":\"de\",\"@id\":\"https:\\\/\\\/brandengrabenmuehle.de\\\/#\\\/schema\\\/logo\\\/image\\\/\",\"url\":\"https:\\\/\\\/brandengrabenmuehle.de\\\/wp-content\\\/uploads\\\/2025\\\/10\\\/favicon-Website-mit-weissem-schein.png\",\"contentUrl\":\"https:\\\/\\\/brandengrabenmuehle.de\\\/wp-content\\\/uploads\\\/2025\\\/10\\\/favicon-Website-mit-weissem-schein.png\",\"width\":1024,\"height\":1024,\"caption\":\"Die Brandengrabenm\u00fchle\"},\"image\":{\"@id\":\"https:\\\/\\\/brandengrabenmuehle.de\\\/#\\\/schema\\\/logo\\\/image\\\/\"}}]}<\/script>\n<!-- \/ Yoast SEO plugin. -->","yoast_head_json":{"title":"Die Geschichte der Brandengrabenm\u00fchle","description":"Die Brandengrabenm\u00fchle erz\u00e4hlt von Gemeinschaft und R\u00fcckzug. Lese die Geschichte und das Konzept hinter diesem besonderen Ort.","robots":{"index":"noindex","follow":"follow"},"og_locale":"de_DE","og_type":"article","og_title":"Die Geschichte der Brandengrabenm\u00fchle","og_description":"Die Brandengrabenm\u00fchle erz\u00e4hlt von Gemeinschaft und R\u00fcckzug. Lese die Geschichte und das Konzept hinter diesem besonderen Ort.","og_url":"https:\/\/brandengrabenmuehle.de\/index.php\/brandengrabenmuehle\/geschichte\/","og_site_name":"Die Brandengrabenm\u00fchle","article_modified_time":"2025-11-08T20:02:26+00:00","og_image":[{"width":1903,"height":889,"url":"https:\/\/brandengrabenmuehle.de\/wp-content\/uploads\/2025\/09\/20230729_090106.jpg","type":"image\/jpeg"}],"twitter_card":"summary_large_image","twitter_misc":{"Gesch\u00e4tzte Lesezeit":"4\u00a0Minuten"},"schema":{"@context":"https:\/\/schema.org","@graph":[{"@type":"WebPage","@id":"https:\/\/brandengrabenmuehle.de\/index.php\/brandengrabenmuehle\/geschichte\/","url":"https:\/\/brandengrabenmuehle.de\/index.php\/brandengrabenmuehle\/geschichte\/","name":"Die Geschichte der Brandengrabenm\u00fchle","isPartOf":{"@id":"https:\/\/brandengrabenmuehle.de\/#website"},"primaryImageOfPage":{"@id":"https:\/\/brandengrabenmuehle.de\/index.php\/brandengrabenmuehle\/geschichte\/#primaryimage"},"image":{"@id":"https:\/\/brandengrabenmuehle.de\/index.php\/brandengrabenmuehle\/geschichte\/#primaryimage"},"thumbnailUrl":"https:\/\/brandengrabenmuehle.de\/wp-content\/uploads\/2025\/09\/20230729_090106.jpg","datePublished":"2025-09-03T07:53:10+00:00","dateModified":"2025-11-08T20:02:26+00:00","description":"Die Brandengrabenm\u00fchle erz\u00e4hlt von Gemeinschaft und R\u00fcckzug. Lese die Geschichte und das Konzept hinter diesem besonderen Ort.","breadcrumb":{"@id":"https:\/\/brandengrabenmuehle.de\/index.php\/brandengrabenmuehle\/geschichte\/#breadcrumb"},"inLanguage":"de","potentialAction":[{"@type":"ReadAction","target":["https:\/\/brandengrabenmuehle.de\/index.php\/brandengrabenmuehle\/geschichte\/"]}]},{"@type":"ImageObject","inLanguage":"de","@id":"https:\/\/brandengrabenmuehle.de\/index.php\/brandengrabenmuehle\/geschichte\/#primaryimage","url":"https:\/\/brandengrabenmuehle.de\/wp-content\/uploads\/2025\/09\/20230729_090106.jpg","contentUrl":"https:\/\/brandengrabenmuehle.de\/wp-content\/uploads\/2025\/09\/20230729_090106.jpg","width":1903,"height":889},{"@type":"BreadcrumbList","@id":"https:\/\/brandengrabenmuehle.de\/index.php\/brandengrabenmuehle\/geschichte\/#breadcrumb","itemListElement":[{"@type":"ListItem","position":1,"name":"Startseite","item":"https:\/\/brandengrabenmuehle.de\/"},{"@type":"ListItem","position":2,"name":"Brandengrabenm\u00fchle","item":"https:\/\/brandengrabenmuehle.de\/index.php\/brandengrabenmuehle\/"},{"@type":"ListItem","position":3,"name":"Die Geschichte der Brandengrabenm\u00fchle"}]},{"@type":"WebSite","@id":"https:\/\/brandengrabenmuehle.de\/#website","url":"https:\/\/brandengrabenmuehle.de\/","name":"Die Brandengrabenm\u00fchle","description":"Dein Ort der Begegnung und Inspiration","publisher":{"@id":"https:\/\/brandengrabenmuehle.de\/#organization"},"alternateName":"Freundeskreis Brandengrabenm\u00fchle e.V.","potentialAction":[{"@type":"SearchAction","target":{"@type":"EntryPoint","urlTemplate":"https:\/\/brandengrabenmuehle.de\/?s={search_term_string}"},"query-input":{"@type":"PropertyValueSpecification","valueRequired":true,"valueName":"search_term_string"}}],"inLanguage":"de"},{"@type":"Organization","@id":"https:\/\/brandengrabenmuehle.de\/#organization","name":"Die Brandengrabenm\u00fchle","alternateName":"Freundeskreis Brandengrabenm\u00fchle e.V.","url":"https:\/\/brandengrabenmuehle.de\/","logo":{"@type":"ImageObject","inLanguage":"de","@id":"https:\/\/brandengrabenmuehle.de\/#\/schema\/logo\/image\/","url":"https:\/\/brandengrabenmuehle.de\/wp-content\/uploads\/2025\/10\/favicon-Website-mit-weissem-schein.png","contentUrl":"https:\/\/brandengrabenmuehle.de\/wp-content\/uploads\/2025\/10\/favicon-Website-mit-weissem-schein.png","width":1024,"height":1024,"caption":"Die Brandengrabenm\u00fchle"},"image":{"@id":"https:\/\/brandengrabenmuehle.de\/#\/schema\/logo\/image\/"}}]}},"_links":{"self":[{"href":"https:\/\/brandengrabenmuehle.de\/index.php\/wp-json\/wp\/v2\/pages\/88","targetHints":{"allow":["GET"]}}],"collection":[{"href":"https:\/\/brandengrabenmuehle.de\/index.php\/wp-json\/wp\/v2\/pages"}],"about":[{"href":"https:\/\/brandengrabenmuehle.de\/index.php\/wp-json\/wp\/v2\/types\/page"}],"author":[{"embeddable":true,"href":"https:\/\/brandengrabenmuehle.de\/index.php\/wp-json\/wp\/v2\/users\/1"}],"replies":[{"embeddable":true,"href":"https:\/\/brandengrabenmuehle.de\/index.php\/wp-json\/wp\/v2\/comments?post=88"}],"version-history":[{"count":51,"href":"https:\/\/brandengrabenmuehle.de\/index.php\/wp-json\/wp\/v2\/pages\/88\/revisions"}],"predecessor-version":[{"id":985,"href":"https:\/\/brandengrabenmuehle.de\/index.php\/wp-json\/wp\/v2\/pages\/88\/revisions\/985"}],"up":[{"embeddable":true,"href":"https:\/\/brandengrabenmuehle.de\/index.php\/wp-json\/wp\/v2\/pages\/525"}],"wp:featuredmedia":[{"embeddable":true,"href":"https:\/\/brandengrabenmuehle.de\/index.php\/wp-json\/wp\/v2\/media\/79"}],"wp:attachment":[{"href":"https:\/\/brandengrabenmuehle.de\/index.php\/wp-json\/wp\/v2\/media?parent=88"}],"curies":[{"name":"wp","href":"https:\/\/api.w.org\/{rel}","templated":true}]}}